{"id":139,"date":"2025-03-24T08:38:45","date_gmt":"2025-03-24T08:38:45","guid":{"rendered":"https:\/\/www.wip-cs.com\/?page_id=139"},"modified":"2025-03-26T12:50:13","modified_gmt":"2025-03-26T12:50:13","slug":"wip-membership","status":"publish","type":"page","link":"https:\/\/www.wip-cs.com\/cs\/membership\/wip-membership\/","title":{"rendered":"WIP \u010dlenstv\u00ed"},"content":{"rendered":"<p>Sv\u011btov\u00fd institut bolesti (WIP) m\u00e1 jedine\u010dnou pozici pro napl\u0148ov\u00e1n\u00ed sv\u00e9ho charitativn\u00edho a vzd\u011bl\u00e1vac\u00edho posl\u00e1n\u00ed a c\u00edl\u016f prost\u0159ednictv\u00edm sv\u00fdch mezin\u00e1rodn\u00edch sekc\u00ed. Organizace vyz\u00fdv\u00e1 v\u0161echny \u010dleny sekc\u00ed, aby propagovali \u010dlenstv\u00ed ve WIP mezi kolegy ve sv\u00fdch zem\u00edch a v cel\u00e9 sv\u00e9 sekci. L\u00e9ka\u0159i zab\u00fdvaj\u00edc\u00ed se bolest\u00ed, kte\u0159\u00ed se rozhodnou b\u00fdt \u010dleny WIP, mohou spole\u010dn\u011b prosazovat z\u00e1jmy medic\u00edny bolesti prost\u0159ednictv\u00edm celosv\u011btov\u00e9 s\u00edt\u011b t\u00e9to organizace.<\/p>\n\n\n\n<p>Hlasy a \u00fasil\u00ed l\u00e9ka\u0159\u016f zab\u00fdvaj\u00edc\u00edch se bolest\u00ed na cel\u00e9m sv\u011bt\u011b jsou nejl\u00e9pe pos\u00edleny, mo\u017enosti vzd\u011bl\u00e1vac\u00edch a v\u011bdeck\u00fdch program\u016f specifick\u00fdch pro praxi bolesti jsou pos\u00edleny a uzn\u00e1n\u00ed medic\u00edny bolesti jako specializace je podporov\u00e1no po cel\u00e9m sv\u011bt\u011b prost\u0159ednictv\u00edm \u010dlenstv\u00ed ve WIP.<\/p>\n\n\n\n<p>Jako neziskov\u00e1, ve\u0159ejn\u011b prosp\u011b\u0161n\u00e1 spole\u010dnost nab\u00edz\u00ed WIP sv\u00fdm \u010dlen\u016fm n\u00e1sleduj\u00edc\u00ed v\u00fdhody s p\u0159idanou hodnotou. \u010clenstv\u00ed ve WIP \u010din\u00ed 195 USD ro\u010dn\u011b pro jednotlivce a 100 USD ro\u010dn\u011b pro \u010dleny ze zem\u00ed s ni\u017e\u0161\u00edmi a st\u0159edn\u00edmi p\u0159\u00edjmy podle seznamu Sv\u011btov\u00e9 banky.<\/p>\n\n\n\n<h2 class=\"wp-block-heading\">Podm\u00ednky pro \u0159\u00e1dn\u00e9 \u010dleny WIPP\u00ae<\/h2>\n\n\n\n<ul class=\"wp-block-list\">\n<li>Mo\u017enost pracovat v rad\u00e1ch a v\u00fdborech WIP<\/li>\n\n\n\n<li>Mo\u017enost volit vedouc\u00ed pracovn\u00edky sekce WIP a vykon\u00e1vat funkci vedouc\u00edho pracovn\u00edka sekce WIP.<\/li>\n\n\n\n<li>P\u0159\u00edstup k digit\u00e1ln\u00edmu p\u0159edplatn\u00e9mu PAIN Practice, ofici\u00e1ln\u00edho \u010dasopisu Sv\u011btov\u00e9ho institutu bolesti, v\u010detn\u011b mobiln\u00ed aplikace (k dispozici verze pro Apple a Android).<\/li>\n\n\n\n<li>Sn\u00ed\u017een\u00e9 registra\u010dn\u00ed poplatky na ofici\u00e1ln\u00ed konference a workshopy WIP (mimo jin\u00e9 v\u010detn\u011b v\u00fdro\u010dn\u00edch konferenc\u00ed a workshop\u016f o interven\u010dn\u00ed bolesti v Miami, USA a Budape\u0161ti, Ma\u010farsko) (pr\u016fm\u011brn\u00e1 hodnota: 250 USD na akci).<\/li>\n\n\n\n<li>Zv\u00fdhodn\u011bn\u00e1 registrace na sv\u011btov\u00fd kongres WIP, kter\u00fd se kon\u00e1 ka\u017ed\u00e9 dva roky. (Pr\u016fm\u011brn\u00e1 hodnota: 200 USD)<\/li>\n\n\n\n<li>Zv\u00fdhodn\u011bn\u00fd n\u00e1kup DVD s interven\u010dn\u00edmi technikami bolesti (a\u017e 50% sleva na sadu 5 kus\u016f).<\/li>\n\n\n\n<li>Mo\u017enost nav\u00e1zat profesn\u00ed kontakty s odborn\u00edky na bolest z cel\u00e9ho sv\u011bta a p\u0159isp\u011bt k rozvoji medic\u00edny bolesti jako celosv\u011btov\u00e9 specializace.<\/li>\n<\/ul>\n\n\n\n<h2 class=\"wp-block-heading\">WIP Associate Member<\/h2>\n\n\n\n<p>Approved applicants for FIPP\u00ae or CIPS certification are granted complimentary access to the WIP interventional pain techniques web-streamed videos (a benefit valued at over $800).<\/p>\n\n\n\n<ul class=\"wp-block-list\">\n<li>Discounts of up to 50% are available for the purchase of a set of five interventional pain techniques DVDs for those who prefer to own the discs.<\/li>\n\n\n\n<li>In addition, digital subscriptions to PAIN Practice, the official journal of the World Institute of Pain, including mobile app versions for both Apple and Android devices, are available at a discounted rate.Furthermore, members receive significant discounts on registration fees for official WIP conferences and workshops, including but not limited to the Annual Interventional Pain Conferences and Workshops in Miami, USA and Budapest, Hungary. In addition to these benefits, members also receive discounted registration fees for the biennial WIP World Congress.<\/li>\n\n\n\n<li>The programme also facilitates professional networking opportunities with pain specialists worldwide, allowing for contributions to the advancement of pain medicine as a global specialty.<\/li>\n<\/ul>\n\n\n\n<div class=\"wp-block-buttons is-layout-flex wp-block-buttons-is-layout-flex\">\n<div class=\"wp-block-button\"><a class=\"wp-block-button__link wp-element-button\" href=\"https:\/\/www.worldinstituteofpain.org\/membership-benefits\/\">World Institute of Pain regular membership<\/a><\/div>\n<\/div>\n\n\n\n<p><\/p>","protected":false},"excerpt":{"rendered":"<p>The World Institute of Pain (WIP) is uniquely positioned to fulfil its charitable and educational mission and aims through its international Sections. The organisation encourages all Section members to promote membership in WIP among colleagues in their respective countries and throughout their Section. Collectively, the pain physicians who choose to be members of WIP are &#8230; <a title=\"WIP \u010dlenstv\u00ed\" class=\"read-more\" href=\"https:\/\/www.wip-cs.com\/cs\/membership\/wip-membership\/\" aria-label=\"Read more about WIP membership\">\u010c\u00edst d\u00e1l<\/a><\/p>","protected":false},"author":1,"featured_media":279,"parent":30,"menu_order":0,"comment_status":"closed","ping_status":"closed","template":"page.php","meta":{"footnotes":""},"class_list":["post-139","page","type-page","status-publish","has-post-thumbnail"],"_links":{"self":[{"href":"https:\/\/www.wip-cs.com\/cs\/wp-json\/wp\/v2\/pages\/139","targetHints":{"allow":["GET"]}}],"collection":[{"href":"https:\/\/www.wip-cs.com\/cs\/wp-json\/wp\/v2\/pages"}],"about":[{"href":"https:\/\/www.wip-cs.com\/cs\/wp-json\/wp\/v2\/types\/page"}],"author":[{"embeddable":true,"href":"https:\/\/www.wip-cs.com\/cs\/wp-json\/wp\/v2\/users\/1"}],"replies":[{"embeddable":true,"href":"https:\/\/www.wip-cs.com\/cs\/wp-json\/wp\/v2\/comments?post=139"}],"version-history":[{"count":6,"href":"https:\/\/www.wip-cs.com\/cs\/wp-json\/wp\/v2\/pages\/139\/revisions"}],"predecessor-version":[{"id":272,"href":"https:\/\/www.wip-cs.com\/cs\/wp-json\/wp\/v2\/pages\/139\/revisions\/272"}],"up":[{"embeddable":true,"href":"https:\/\/www.wip-cs.com\/cs\/wp-json\/wp\/v2\/pages\/30"}],"wp:featuredmedia":[{"embeddable":true,"href":"https:\/\/www.wip-cs.com\/cs\/wp-json\/wp\/v2\/media\/279"}],"wp:attachment":[{"href":"https:\/\/www.wip-cs.com\/cs\/wp-json\/wp\/v2\/media?parent=139"}],"curies":[{"name":"wp","href":"https:\/\/api.w.org\/{rel}","templated":true}]}}