{"id":142,"date":"2025-03-24T08:39:40","date_gmt":"2025-03-24T08:39:40","guid":{"rendered":"https:\/\/www.wip-cs.com\/?page_id=142"},"modified":"2025-03-26T18:11:02","modified_gmt":"2025-03-26T18:11:02","slug":"wip-cs-membership","status":"publish","type":"page","link":"https:\/\/www.wip-cs.com\/cs\/membership\/wip-cs-membership\/","title":{"rendered":"Sv\u011btov\u00fd institut bolesti - \u010dlenstv\u00ed v \u010desko-slovensk\u00e9 sekci"},"content":{"rendered":"<h2 class=\"wp-block-heading\">St\u00e1l\u00fd \u010dlen WIP-CS<\/h2>\n\n\n\n<ul class=\"wp-block-list\">\n<li>Mo\u017enost pracovat v rad\u00e1ch a v\u00fdborech WIP<\/li>\n\n\n\n<li>Mo\u017enost volit vedouc\u00ed pracovn\u00edky sekce WIP a vykon\u00e1vat funkci vedouc\u00edho pracovn\u00edka sekce WIP.<\/li>\n\n\n\n<li>P\u0159\u00edstup k digit\u00e1ln\u00edmu p\u0159edplatn\u00e9mu PAIN Practice, ofici\u00e1ln\u00edho \u010dasopisu Sv\u011btov\u00e9ho institutu bolesti, v\u010detn\u011b mobiln\u00ed aplikace (k dispozici verze pro Apple a Android).<\/li>\n\n\n\n<li>Sn\u00ed\u017een\u00e9 registra\u010dn\u00ed poplatky na ofici\u00e1ln\u00ed konference a workshopy WIP (mimo jin\u00e9 v\u010detn\u011b v\u00fdro\u010dn\u00edch konferenc\u00ed a workshop\u016f o interven\u010dn\u00ed bolesti v Miami, USA a Budape\u0161ti, Ma\u010farsko) (pr\u016fm\u011brn\u00e1 hodnota: 250 USD na akci).<\/li>\n\n\n\n<li>Zv\u00fdhodn\u011bn\u00e1 registrace na sv\u011btov\u00fd kongres WIP, kter\u00fd se kon\u00e1 ka\u017ed\u00e9 dva roky. (Pr\u016fm\u011brn\u00e1 hodnota: 200 USD)<\/li>\n\n\n\n<li>Zv\u00fdhodn\u011bn\u00fd n\u00e1kup DVD s interven\u010dn\u00edmi technikami bolesti (a\u017e 50% sleva na sadu 5 kus\u016f).<\/li>\n\n\n\n<li>Mo\u017enost nav\u00e1zat profesn\u00ed kontakty s odborn\u00edky na bolest z cel\u00e9ho sv\u011bta a p\u0159isp\u011bt k rozvoji medic\u00edny bolesti jako celosv\u011btov\u00e9 specializace.<\/li>\n<\/ul>\n\n\n\n<h3 class=\"wp-block-heading\">Sta\u0148te se \u010dlenem<\/h3>\n\n\n\n<p class=\"btn btn-primary\"><a href=\"https:\/\/www.wip-cs.com\/cs\/medical-professional-registration-form\/\" data-type=\"page\" data-id=\"145\">Registra\u010dn\u00ed formul\u00e1\u0159 pro l\u00e9ka\u0159sk\u00e9 pracovn\u00edky<\/a><\/p>\n\n\n\n<p>Pokud se p\u0159i registraci setk\u00e1te s jak\u00fdmikoli obt\u00ed\u017eemi nebo budete pot\u0159ebovat dal\u0161\u00ed informace, nev\u00e1hejte se na n\u00e1s obr\u00e1tit.<\/p>\n\n\n\n<p class=\"btn btn-primary\"><a href=\"mailto:membership@wip-cs.com\">membership@wip-cs.com<\/a><\/p>\n\n\n\n<h2 class=\"wp-block-heading\">P\u0159idru\u017een\u00e9 \u010dlenstv\u00ed WIP-CS<\/h2>\n\n\n\n<p>Status p\u0159idru\u017een\u00e9ho \u010dlena WIP-CS slou\u017e\u00ed k poskytov\u00e1n\u00ed pomoci a podpory l\u00e9ka\u0159i s c\u00edlem usnadnit z\u00edsk\u00e1n\u00ed pln\u00e9ho \u010dlenstv\u00ed ve WIP a titulu FIPP.<br><br>Schv\u00e1len\u00ed \u017eadatel\u00e9 o p\u0159idru\u017een\u00e9 \u010dlenstv\u00ed WIP-CS z\u00edskaj\u00ed \u010dasov\u011b omezen\u00fd p\u0159\u00edstup k webov\u00fdm vide\u00edm WIP-CS o technik\u00e1ch z\u00e1sahu proti bolesti. Schv\u00e1len\u00ed \u017eadatel\u00e9 z\u00edskaj\u00ed v\u00fdrazn\u00e9 slevy na registra\u010dn\u00ed poplatky na ofici\u00e1ln\u00ed konference a semin\u00e1\u0159e podporovan\u00e9 WIP-CS.<\/p>\n\n\n\n<p>Program tak\u00e9 umo\u017e\u0148uje nav\u00e1zat profesn\u00ed kontakty s odborn\u00edky na bolest v Evrop\u011b a p\u0159isp\u011bt tak k rozvoji medic\u00edny bolesti jako oboru.<\/p>\n\n\n\n<p><\/p>","protected":false},"excerpt":{"rendered":"<p>WIP-CS regular member Become a member Medical Professional Registration Form If you encounter any difficulties with the registration process or if you require further information, please do not hesitate to get in touch with us. membership@wip-cs.com WIP-CS Associate Member The status of WIP-CS associate member is utilised to provide assistance and support to the physician &#8230; <a title=\"World Institute of Pain &#8211; Czech Slovak section membership\" class=\"read-more\" href=\"https:\/\/www.wip-cs.com\/cs\/membership\/wip-cs-membership\/\" aria-label=\"Read more about World Institute of Pain &#8211; Czech Slovak section membership\">\u010c\u00edst d\u00e1l<\/a><\/p>","protected":false},"author":1,"featured_media":285,"parent":30,"menu_order":0,"comment_status":"closed","ping_status":"closed","template":"page.php","meta":{"footnotes":""},"class_list":["post-142","page","type-page","status-publish","has-post-thumbnail"],"_links":{"self":[{"href":"https:\/\/www.wip-cs.com\/cs\/wp-json\/wp\/v2\/pages\/142","targetHints":{"allow":["GET"]}}],"collection":[{"href":"https:\/\/www.wip-cs.com\/cs\/wp-json\/wp\/v2\/pages"}],"about":[{"href":"https:\/\/www.wip-cs.com\/cs\/wp-json\/wp\/v2\/types\/page"}],"author":[{"embeddable":true,"href":"https:\/\/www.wip-cs.com\/cs\/wp-json\/wp\/v2\/users\/1"}],"replies":[{"embeddable":true,"href":"https:\/\/www.wip-cs.com\/cs\/wp-json\/wp\/v2\/comments?post=142"}],"version-history":[{"count":14,"href":"https:\/\/www.wip-cs.com\/cs\/wp-json\/wp\/v2\/pages\/142\/revisions"}],"predecessor-version":[{"id":341,"href":"https:\/\/www.wip-cs.com\/cs\/wp-json\/wp\/v2\/pages\/142\/revisions\/341"}],"up":[{"embeddable":true,"href":"https:\/\/www.wip-cs.com\/cs\/wp-json\/wp\/v2\/pages\/30"}],"wp:featuredmedia":[{"embeddable":true,"href":"https:\/\/www.wip-cs.com\/cs\/wp-json\/wp\/v2\/media\/285"}],"wp:attachment":[{"href":"https:\/\/www.wip-cs.com\/cs\/wp-json\/wp\/v2\/media?parent=142"}],"curies":[{"name":"wp","href":"https:\/\/api.w.org\/{rel}","templated":true}]}}