{"id":22,"date":"2025-03-17T10:52:05","date_gmt":"2025-03-17T10:52:05","guid":{"rendered":"https:\/\/www.wip-cs.com\/?page_id=22"},"modified":"2025-03-26T13:45:28","modified_gmt":"2025-03-26T13:45:28","slug":"cooperation","status":"publish","type":"page","link":"https:\/\/www.wip-cs.com\/cs\/cooperation\/","title":{"rendered":"Spolupr\u00e1ce"},"content":{"rendered":"<h2 class=\"wp-block-heading\">Aktivn\u00ed spolupr\u00e1ce s dom\u00e1c\u00edmi a mezin\u00e1rodn\u00edmi spole\u010dnostmi<\/h2>\n\n\n\n<p>Hlavn\u00edm c\u00edlem \u010desko-slovensk\u00e9 sekce WIP je vytvo\u0159it platformu pro spolupr\u00e1ci, kter\u00e1 usnad\u0148uje spolupr\u00e1ci v ot\u00e1zk\u00e1ch t\u00fdkaj\u00edc\u00edch se spole\u010dn\u00fdch v\u011bdeck\u00fdch poznatk\u016f. <\/p>\n\n\n\n<p>C\u00edlem sekce je zahrnout n\u00e1zory, c\u00edle a aspirace v\u0161ech relevantn\u00edch zdravotnick\u00fdch profesn\u00edch organizac\u00ed a skupin pacient\u016f, kter\u00e9 se v\u00fdznamn\u011b zaj\u00edmaj\u00ed o \u00falevu od bolesti.<\/p>\n\n\n\n<p>Sekce se sna\u017e\u00ed zaujmout jednotn\u00fd postoj k ot\u00e1zk\u00e1m vzd\u011bl\u00e1v\u00e1n\u00ed, v\u00fdzkumu, obhajoby a standard\u016f v oblasti bolesti na evropsk\u00e9 \u00farovni. \u010cesko-slovensk\u00e1 sekce Sv\u011btov\u00e9ho institutu bolesti p\u016fsob\u00ed nez\u00e1visle na komer\u010dn\u00edm a korpor\u00e1tn\u00edm financov\u00e1n\u00ed ze strany pr\u016fmyslu a zachov\u00e1v\u00e1 si nestrann\u00fd postoj.<\/p>\n\n\n\n<p> \u010cesko-slovensk\u00fd Sv\u011btov\u00fd institut bolesti je vst\u0159\u00edcn\u00fd ke spolupr\u00e1ci s v\u011bdeck\u00fdmi spole\u010dnostmi, kter\u00e9 se shoduj\u00ed s jeho z\u00e1sadami a prokazuj\u00ed z\u00e1vazek ke spole\u010dn\u00e9 v\u011bdeck\u00e9 a vzd\u011bl\u00e1vac\u00ed \u010dinnosti v oblasti bolesti.<\/p>\n\n\n\n<h2 class=\"wp-block-heading\">Dom\u00e1c\u00ed odborn\u00e9 spole\u010dnosti<\/h2>\n\n\n\n<p><a href=\"http:\/\/www.pain.sk\">www.pain.sk<\/a><\/p>\n\n\n\n<p><a href=\"http:\/\/www.sslb.cz\">www.sslb.cz<\/a><\/p>\n\n\n\n<h2 class=\"wp-block-heading\">Mezin\u00e1rodn\u00ed odborn\u00e9 spole\u010dnosti<\/h2>\n\n\n\n<p><a href=\"https:\/\/www.worldinstituteofpain.org\">https:\/\/www.worldinstituteofpain.org<\/a><\/p>\n\n\n\n<p><\/p>","protected":false},"excerpt":{"rendered":"<p>Active cooperation with domestic and international companies The overarching objective of the Czech-Slovak WIP Section is to establish a collaborative platform that facilitates cooperation on matters pertaining to shared scientific knowledge. The Section aims to incorporate the perspectives, objectives and aspirations of all pertinent healthcare professional organisations and patient groups with a substantial interest in &#8230; <a title=\"Spolupr\u00e1ce\" class=\"read-more\" href=\"https:\/\/www.wip-cs.com\/cs\/cooperation\/\" aria-label=\"Read more about Cooperation\">\u010c\u00edst d\u00e1l<\/a><\/p>","protected":false},"author":1,"featured_media":320,"parent":0,"menu_order":0,"comment_status":"closed","ping_status":"closed","template":"page.php","meta":{"footnotes":""},"class_list":["post-22","page","type-page","status-publish","has-post-thumbnail"],"_links":{"self":[{"href":"https:\/\/www.wip-cs.com\/cs\/wp-json\/wp\/v2\/pages\/22","targetHints":{"allow":["GET"]}}],"collection":[{"href":"https:\/\/www.wip-cs.com\/cs\/wp-json\/wp\/v2\/pages"}],"about":[{"href":"https:\/\/www.wip-cs.com\/cs\/wp-json\/wp\/v2\/types\/page"}],"author":[{"embeddable":true,"href":"https:\/\/www.wip-cs.com\/cs\/wp-json\/wp\/v2\/users\/1"}],"replies":[{"embeddable":true,"href":"https:\/\/www.wip-cs.com\/cs\/wp-json\/wp\/v2\/comments?post=22"}],"version-history":[{"count":9,"href":"https:\/\/www.wip-cs.com\/cs\/wp-json\/wp\/v2\/pages\/22\/revisions"}],"predecessor-version":[{"id":319,"href":"https:\/\/www.wip-cs.com\/cs\/wp-json\/wp\/v2\/pages\/22\/revisions\/319"}],"wp:featuredmedia":[{"embeddable":true,"href":"https:\/\/www.wip-cs.com\/cs\/wp-json\/wp\/v2\/media\/320"}],"wp:attachment":[{"href":"https:\/\/www.wip-cs.com\/cs\/wp-json\/wp\/v2\/media?parent=22"}],"curies":[{"name":"wp","href":"https:\/\/api.w.org\/{rel}","templated":true}]}}