{"id":230,"date":"2025-03-26T08:09:31","date_gmt":"2025-03-26T08:09:31","guid":{"rendered":"https:\/\/www.wip-cs.com\/?page_id=230"},"modified":"2025-03-28T17:44:58","modified_gmt":"2025-03-28T17:44:58","slug":"terms-of-use","status":"publish","type":"page","link":"https:\/\/www.wip-cs.com\/cs\/terms-of-use\/","title":{"rendered":"Podm\u00ednky u\u017e\u00edv\u00e1n\u00ed"},"content":{"rendered":"<p><strong>Terms of Use<\/strong><\/p>\n\n\n\n<p>Last Updated: March 28, 2025<\/p>\n\n\n\n<p>Welcome to our website. By using this site, you agree to the following terms. If you do not agree with these terms, please do not use our website.<\/p>\n\n\n\n<h3 class=\"wp-block-heading\">1. Use of the Website<\/h3>\n\n\n\n<ul class=\"wp-block-list\">\n<li>You use our website at your own risk.<\/li>\n\n\n\n<li>The content of this site is for informational purposes only.<\/li>\n\n\n\n<li>Unauthorized use of our site, including hacking, spamming, or other harmful activities, is prohibited.<\/li>\n<\/ul>\n\n\n\n<h3 class=\"wp-block-heading\">2. Intellectual Property<\/h3>\n\n\n\n<ul class=\"wp-block-list\">\n<li>All content (texts, logos, graphics) is the property of&nbsp;<strong>World Institute of Pain Czech and Slovak Section<\/strong>&nbsp;and may not be used without prior consent.<\/li>\n\n\n\n<li>Copying, distributing, or misusing content is prohibited unless otherwise stated.<\/li>\n<\/ul>\n\n\n\n<h3 class=\"wp-block-heading\">3. Privacy Protection<\/h3>\n\n\n\n<ul class=\"wp-block-list\">\n<li>We respect your privacy and process personal data in accordance with our&nbsp;<strong>Z\u00e1sady ochrany osobn\u00edch \u00fadaj\u016f<\/strong>.<\/li>\n\n\n\n<li>By using the site, you agree to our data processing practices.<\/li>\n<\/ul>\n\n\n\n<h3 class=\"wp-block-heading\">4. Disclaimer<\/h3>\n\n\n\n<ul class=\"wp-block-list\">\n<li>The website content is provided &#8220;as is&#8221; without any warranties.<\/li>\n\n\n\n<li>We are not responsible for any damages resulting from the use of our site.<\/li>\n<\/ul>\n\n\n\n<h3 class=\"wp-block-heading\">5. Changes to the Terms<\/h3>\n\n\n\n<ul class=\"wp-block-list\">\n<li>We reserve the right to modify these terms at any time.<\/li>\n\n\n\n<li>By continuing to use the website after changes, you agree to the updated terms.<\/li>\n<\/ul>\n\n\n\n<h3 class=\"wp-block-heading\">6. Contact<\/h3>\n\n\n\n<p>If you have any questions regarding these terms, please contact us at&nbsp;<a><strong>info@wip-cs.com<\/strong><\/a>.<\/p>\n\n\n\n<p><strong>World Institute of Pain Czech and Slovak Section<\/strong>\u00a0\u0160tef\u00e1nikova 82, 085 01, Bardejov, Slovakia<\/p>","protected":false},"excerpt":{"rendered":"<p>Terms of Use Last Updated: March 28, 2025 Welcome to our website. By using this site, you agree to the following terms. If you do not agree with these terms, please do not use our website. 1. Use of the Website 2. Intellectual Property 3. Privacy Protection 4. Disclaimer 5. Changes to the Terms 6. &#8230; <a title=\"Podm\u00ednky u\u017e\u00edv\u00e1n\u00ed\" class=\"read-more\" href=\"https:\/\/www.wip-cs.com\/cs\/terms-of-use\/\" aria-label=\"Read more about Terms of use\">\u010c\u00edst d\u00e1l<\/a><\/p>","protected":false},"author":1,"featured_media":0,"parent":0,"menu_order":0,"comment_status":"closed","ping_status":"closed","template":"page.php","meta":{"footnotes":""},"class_list":["post-230","page","type-page","status-publish"],"_links":{"self":[{"href":"https:\/\/www.wip-cs.com\/cs\/wp-json\/wp\/v2\/pages\/230","targetHints":{"allow":["GET"]}}],"collection":[{"href":"https:\/\/www.wip-cs.com\/cs\/wp-json\/wp\/v2\/pages"}],"about":[{"href":"https:\/\/www.wip-cs.com\/cs\/wp-json\/wp\/v2\/types\/page"}],"author":[{"embeddable":true,"href":"https:\/\/www.wip-cs.com\/cs\/wp-json\/wp\/v2\/users\/1"}],"replies":[{"embeddable":true,"href":"https:\/\/www.wip-cs.com\/cs\/wp-json\/wp\/v2\/comments?post=230"}],"version-history":[{"count":3,"href":"https:\/\/www.wip-cs.com\/cs\/wp-json\/wp\/v2\/pages\/230\/revisions"}],"predecessor-version":[{"id":351,"href":"https:\/\/www.wip-cs.com\/cs\/wp-json\/wp\/v2\/pages\/230\/revisions\/351"}],"wp:attachment":[{"href":"https:\/\/www.wip-cs.com\/cs\/wp-json\/wp\/v2\/media?parent=230"}],"curies":[{"name":"wp","href":"https:\/\/api.w.org\/{rel}","templated":true}]}}