{"id":30,"date":"2025-03-17T10:52:40","date_gmt":"2025-03-17T10:52:40","guid":{"rendered":"https:\/\/www.wip-cs.com\/?page_id=30"},"modified":"2025-03-26T12:48:20","modified_gmt":"2025-03-26T12:48:20","slug":"membership","status":"publish","type":"page","link":"https:\/\/www.wip-cs.com\/cs\/membership\/","title":{"rendered":"\u010clenstv\u00ed"},"content":{"rendered":"<p>S pot\u011b\u0161en\u00edm v\u00e1m p\u0159edstavujeme dva typy \u010dlenstv\u00ed:<\/p>\n\n\n\n<h2 class=\"wp-block-heading\">1. \u010clenstv\u00ed ve Sv\u011btov\u00e9m institutu bolesti (WIP)<\/h2>\n\n\n\n<p>Toto \u010dlenstv\u00ed je sou\u010d\u00e1st\u00ed celosv\u011btov\u00e9 organizace World Institute of Pain. \u010clenov\u00e9 z\u00edskaj\u00ed p\u0159\u00edstup k mezin\u00e1rodn\u00edm zdroj\u016fm, v\u00fdzkumu a mo\u017enostem navazov\u00e1n\u00ed kontakt\u016f, co\u017e p\u0159isp\u011bje k jejich profesn\u00edmu r\u016fstu a odbornosti v oblasti l\u00e9\u010dby bolesti.<\/p>\n\n\n\n<div class=\"wp-block-buttons is-layout-flex wp-block-buttons-is-layout-flex\">\n<div class=\"wp-block-button\"><a class=\"wp-block-button__link wp-element-button\" href=\"https:\/\/www.wip-cs.com\/cs\/membership\/wip-membership\/\">WIP \u010dlenstv\u00ed<\/a><\/div>\n<\/div>\n\n\n\n<h2 class=\"wp-block-heading\">2. \u010clenstv\u00ed v \u010desk\u00e9 a slovensk\u00e9 sekci Sv\u011btov\u00e9ho institutu bolesti<\/h2>\n\n\n\n<p>Toto region\u00e1ln\u00ed \u010dlenstv\u00ed je ur\u010deno na podporu vzd\u011bl\u00e1v\u00e1n\u00ed v oblasti l\u00e9\u010dby bolesti v \u010cesk\u00e9 republice a na Slovensku. Slou\u017e\u00ed jako v\u00fdborn\u00fd \u00favod do Sv\u011btov\u00e9ho institutu bolesti a p\u0159ipravuje \u010dleny na pln\u00e9 \u010dlenstv\u00ed v mezin\u00e1rodn\u00ed organizaci. Krom\u011b toho toto \u010dlenstv\u00ed poskytuje cestu k z\u00edsk\u00e1n\u00ed presti\u017en\u00edho titulu&nbsp;<strong>Fellowship in Interventional Pain Practice (FIPP)<\/strong>&nbsp;l\u00e9ka\u0159sk\u00fd titul.<\/p>\n\n\n\n<div class=\"wp-block-buttons is-layout-flex wp-block-buttons-is-layout-flex\">\n<div class=\"wp-block-button\"><a class=\"wp-block-button__link wp-element-button\" href=\"https:\/\/www.wip-cs.com\/cs\/membership\/wip-cs-membership\/\">WIP - \u010dlenstv\u00ed v \u010cesk\u00e9 a Slovensk\u00e9 sekci<\/a><\/div>\n<\/div>\n\n\n\n<p>Ob\u011b \u010dlenstv\u00ed nab\u00edzej\u00ed neoceniteln\u00e9 zdroje a mo\u017enosti vzd\u011bl\u00e1v\u00e1n\u00ed, kter\u00e9 \u010dlen\u016fm umo\u017e\u0148uj\u00ed postupovat v oblasti l\u00e9\u010dby bolesti, roz\u0161i\u0159ovat sv\u00e9 profesn\u00ed s\u00edt\u011b a v kone\u010dn\u00e9m d\u016fsledku p\u0159isp\u00edvat ke zlep\u0161en\u00ed p\u00e9\u010de o pacienty.<\/p>\n\n\n\n<p><\/p>","protected":false},"excerpt":{"rendered":"<p>We are pleased to present two types of membership opportunities: 1. World Institute of Pain (WIP) Membership This membership is part of the global organization, the World Institute of Pain. Members will gain access to international resources, research, and networking opportunities, contributing to their professional growth and expertise in the field of pain management. 2. &#8230; <a title=\"\u010clenstv\u00ed\" class=\"read-more\" href=\"https:\/\/www.wip-cs.com\/cs\/membership\/\" aria-label=\"Read more about Membership\">\u010c\u00edst d\u00e1l<\/a><\/p>","protected":false},"author":1,"featured_media":276,"parent":0,"menu_order":0,"comment_status":"closed","ping_status":"closed","template":"","meta":{"footnotes":""},"class_list":["post-30","page","type-page","status-publish","has-post-thumbnail"],"_links":{"self":[{"href":"https:\/\/www.wip-cs.com\/cs\/wp-json\/wp\/v2\/pages\/30","targetHints":{"allow":["GET"]}}],"collection":[{"href":"https:\/\/www.wip-cs.com\/cs\/wp-json\/wp\/v2\/pages"}],"about":[{"href":"https:\/\/www.wip-cs.com\/cs\/wp-json\/wp\/v2\/types\/page"}],"author":[{"embeddable":true,"href":"https:\/\/www.wip-cs.com\/cs\/wp-json\/wp\/v2\/users\/1"}],"replies":[{"embeddable":true,"href":"https:\/\/www.wip-cs.com\/cs\/wp-json\/wp\/v2\/comments?post=30"}],"version-history":[{"count":27,"href":"https:\/\/www.wip-cs.com\/cs\/wp-json\/wp\/v2\/pages\/30\/revisions"}],"predecessor-version":[{"id":277,"href":"https:\/\/www.wip-cs.com\/cs\/wp-json\/wp\/v2\/pages\/30\/revisions\/277"}],"wp:featuredmedia":[{"embeddable":true,"href":"https:\/\/www.wip-cs.com\/cs\/wp-json\/wp\/v2\/media\/276"}],"wp:attachment":[{"href":"https:\/\/www.wip-cs.com\/cs\/wp-json\/wp\/v2\/media?parent=30"}],"curies":[{"name":"wp","href":"https:\/\/api.w.org\/{rel}","templated":true}]}}