{"id":72,"date":"2025-03-18T14:28:26","date_gmt":"2025-03-18T14:28:26","guid":{"rendered":"https:\/\/www.wip-cs.com\/?page_id=72"},"modified":"2025-03-26T13:42:32","modified_gmt":"2025-03-26T13:42:32","slug":"about-world-institute-of-pain-organization","status":"publish","type":"page","link":"https:\/\/www.wip-cs.com\/cs\/about-wip\/about-world-institute-of-pain-organization\/","title":{"rendered":"O organizaci World Institute of Pain"},"content":{"rendered":"<p>WIP je mezin\u00e1rodn\u00ed organizace, kter\u00e1 napom\u00e1h\u00e1 rozvoji vzd\u011bl\u00e1v\u00e1n\u00ed v oblasti medic\u00edny bolesti. Jej\u00ed \u010dinnost zahrnuje poskytov\u00e1n\u00ed specializovan\u00fdch praktick\u00fdch \u0161kolen\u00ed a workshop\u016f, po\u0159\u00e1d\u00e1n\u00ed souvisej\u00edc\u00edch konferenc\u00ed a semin\u00e1\u0159\u016f, v\u00fdm\u011bnu odborn\u00edk\u016f z praxe a podporu mezin\u00e1rodn\u00ed komunity odborn\u00edk\u016f v t\u00e9to oblasti. Organizace podporuje osobn\u00ed r\u016fst a rozvoj praxe a nab\u00edz\u00ed sv\u00fdm \u010dlen\u016fm podporu prost\u0159ednictv\u00edm celosv\u011btov\u00e9 s\u00edt\u011b osob, kter\u00e9 se anga\u017euj\u00ed v p\u00e9\u010di o pacienty.<\/p>\n\n\n\n<p>Sv\u011btov\u00fd institut bolesti (World Institute of Pain, WIP) byl zalo\u017een v roce 1993 jako celosv\u011btov\u00e1 organizace s c\u00edlem rozv\u00edjet nej\u00fa\u010dinn\u011bj\u0161\u00ed postupy v medic\u00edn\u011b bolesti pro 21. stolet\u00ed. V\u011bt\u0161ina pacient\u016f trp\u00edc\u00edch akutn\u00edmi, chronick\u00fdmi a n\u00e1dorov\u00fdmi onemocn\u011bn\u00edmi je celosv\u011btov\u011b nedostate\u010dn\u011b zastoupena. P\u0159edpokl\u00e1d\u00e1 se, \u017ee po\u010det osob trp\u00edc\u00edch chronickou bolest\u00ed a bolest\u00ed souvisej\u00edc\u00ed s rakovinou se do roku 2030 zdvojn\u00e1sob\u00ed, co\u017e se bude shodovat s n\u00e1r\u016fstem pod\u00edlu populace ve v\u011bku 60 let a v\u00edce. Je nezbytn\u00e9, aby se pacient\u016fm trp\u00edc\u00edm bolest\u00ed dostalo specializovan\u00e9 a c\u00edlen\u00e9 p\u00e9\u010de, kter\u00e1 jim zajist\u00ed adekv\u00e1tn\u00ed a trvalou p\u00e9\u010di, je\u017e jim zajist\u00ed pohodl\u00ed a funk\u010dn\u00ed zlep\u0161en\u00ed v ka\u017edodenn\u00edm \u017eivot\u011b. \u00dakolem specialist\u016f na medic\u00ednu bolesti je tuto p\u00e9\u010di poskytovat.<\/p>\n\n\n\n<p>Prost\u0159ednictv\u00edm vzd\u011bl\u00e1vac\u00edch iniciativ, v\u010detn\u011b sv\u011btov\u00fdch kongres\u016f WIP, region\u00e1ln\u00edch sympozi\u00ed a praktick\u00fdch semin\u00e1\u0159\u016f o interven\u010dn\u00ed l\u00e9\u010db\u011b bolesti, pom\u00e1h\u00e1 WIP vytv\u00e1\u0159et konsenzus mezi odborn\u00edky o \u00fa\u010dinnosti st\u00e1vaj\u00edc\u00edch technik a potenci\u00e1ln\u00edch mo\u017enostech zlep\u0161en\u00ed terapeutick\u00fdch v\u00fdkon\u016f.<\/p>\n\n\n\n<h2 class=\"wp-block-heading\">Posl\u00e1n\u00ed organizace WIP<\/h2>\n\n\n\n<p>Posl\u00e1n\u00edm Sv\u011btov\u00e9ho institutu bolesti (World Institute of Pain, WIP) je zprost\u0159edkovat spolupr\u00e1ci mezi nejuzn\u00e1van\u011bj\u0161\u00edmi odborn\u00edky v oblasti medic\u00edny bolesti z cel\u00e9ho sv\u011bta. C\u00edlem je pokrok a standardizace interven\u010dn\u00edch postup\u016f p\u0159i l\u00e9\u010db\u011b bolesti, a t\u00edm i zlep\u0161en\u00ed standard\u016f p\u00e9\u010de o pacienty s bolest\u00ed.<\/p>\n\n\n\n<p>WIP napl\u0148uje sv\u00e9 posl\u00e1n\u00ed prost\u0159ednictv\u00edm sponzorov\u00e1n\u00ed a podpory vzd\u011bl\u00e1vac\u00edch a \u0161kolic\u00edch program\u016f pro l\u00e9ka\u0159e zab\u00fdvaj\u00edc\u00ed se bolest\u00ed. C\u00edlem t\u011bchto program\u016f je usnadnit vypracov\u00e1n\u00ed praktick\u00fdch pokyn\u016f a standard\u016f pro zkou\u0161en\u00ed a hodnocen\u00ed zp\u016fsobilosti l\u00e9ka\u0159\u016f, kte\u0159\u00ed se specializuj\u00ed na interven\u010dn\u00ed l\u00e9\u010dbu bolesti.<\/p>\n\n\n\n<h2 class=\"wp-block-heading\">C\u00edle<\/h2>\n\n\n\n<p>C\u00edlem je vzd\u011bl\u00e1vat a \u0161kolit person\u00e1l \u010dlensk\u00fdch center pro l\u00e9\u010dbu bolesti prost\u0159ednictv\u00edm m\u00edstn\u00edch praktick\u00fdch \u0161kolen\u00ed, mezin\u00e1rodn\u00edch semin\u00e1\u0159\u016f a v\u00fdm\u011bny l\u00e9ka\u0159\u016f. Na\u0161\u00edm z\u00e1m\u011brem je tak\u00e9 \u0161\u00ed\u0159it nejnov\u011bj\u0161\u00ed informace o l\u00e9\u010db\u011b bolesti mezi p\u0159\u00edslu\u0161n\u00e1 centra, a to r\u016fzn\u00fdmi zp\u016fsoby, v\u010detn\u011b distribuce informa\u010dn\u00edho bulletinu, po\u0159\u00e1d\u00e1n\u00ed v\u011bdeck\u00fdch semin\u00e1\u0159\u016f, poskytov\u00e1n\u00ed propojen\u00fdch telekomunika\u010dn\u00edch slu\u017eeb a vyd\u00e1v\u00e1n\u00ed \u010dasopisu a knih.<\/p>\n\n\n\n<p>Je t\u0159eba vypracovat spole\u010dn\u00e9 protokoly pro studie \u00fa\u010dinnosti a v\u00fdsledk\u016f.<\/p>\n\n\n\n<p>Kl\u00ed\u010dov\u00fdmi c\u00edli jsou tak\u00e9 v\u00fdvoj vzd\u011bl\u00e1vac\u00edho procesu pro centra bolesti, v nich\u017e se zkou\u0161\u00ed \u00fa\u010dastn\u00edci \u0161kolen\u00ed, a poskytov\u00e1n\u00ed know-how v procesu zkou\u0161en\u00ed.<\/p>\n\n\n\n<p>Doporu\u010duje se, aby zainteresovan\u00e1 odv\u011btv\u00ed byla vyzv\u00e1na k poskytov\u00e1n\u00ed informac\u00ed o l\u00e9\u010db\u011b bolesti v jednotliv\u00fdch regionech sv\u011bta. D\u00e1le se doporu\u010duje, aby se m\u00edstn\u00ed l\u00e9ka\u0159i zab\u00fdvaj\u00edc\u00ed se l\u00e9\u010dbou bolesti a z\u00e1stupci pr\u016fmyslu setk\u00e1vali za \u00fa\u010delem vzd\u011bl\u00e1v\u00e1n\u00ed v oblasti nov\u00fdch technologi\u00ed a \u0161kolen\u00ed. V neposledn\u00ed \u0159ad\u011b se doporu\u010duje, aby byl formulov\u00e1n program \u0161kolen\u00ed pro st\u00e1\u017eisty.<\/p>\n\n\n\n<h2 class=\"wp-block-heading\">Mezin\u00e1rodn\u00ed sekce WIP<\/h2>\n\n\n\n<p>V roce 2007 zalo\u017eil Sv\u011btov\u00fd institut bolesti (WIP) mezin\u00e1rodn\u00ed r\u00e1mec sekc\u00ed WIP s c\u00edlem podporovat a rozv\u00edjet \u010dlenskou s\u00ed\u0165 WIP, aktivity schv\u00e1len\u00e9 WIP a navazovat kontakty s jednotlivci nebo skupinami s podobn\u00fdmi z\u00e1jmy v oblastech souvisej\u00edc\u00edch s osv\u011bd\u010den\u00fdmi postupy l\u00e9\u010dby bolesti. D\u00edky t\u011bmto mezin\u00e1rodn\u00edm sekc\u00edm a dal\u0161\u00edm mezin\u00e1rodn\u00edm s\u00edt\u00edm l\u00e9ka\u0159\u016f zab\u00fdvaj\u00edc\u00edch se medic\u00ednou bolesti m\u00e1 WIP lep\u0161\u00ed mo\u017enosti realizovat a posilovat v\u00fdm\u011bnu v\u011bdeck\u00fdch a klinick\u00fdch postup\u016f v oblasti l\u00e9\u010dby bolesti zp\u016fsobem, kter\u00fd podporuje mezin\u00e1rodn\u00ed dobrou v\u016fli, jako\u017e i soci\u00e1ln\u00ed a kulturn\u00ed dopad. Zakl\u00e1d\u00e1n\u00ed region\u00e1ln\u00edch sekc\u00ed je podporov\u00e1no, pokud by tyto sekce slou\u017eily k prosazov\u00e1n\u00ed c\u00edl\u016f WIP.<\/p>\n\n\n\n<p>WIP uzn\u00e1v\u00e1 v\u00fdznam form\u00e1ln\u00edch kontakt\u016f s jin\u00fdmi v\u011bdeck\u00fdmi a odborn\u00fdmi organizacemi, jejich\u017e c\u00edle jsou v souladu s jeho vlastn\u00edm posl\u00e1n\u00edm a c\u00edli. V\u00fdkonn\u00e1 rada je opr\u00e1vn\u011bna sjednat v\u00fdkonnou dohodu o spolupr\u00e1ci s jakoukoli takovou organizac\u00ed s v\u00fdhradou zvl\u00e1\u0161tn\u00edch omezen\u00ed stanoven\u00fdch ve stanov\u00e1ch. \u0158\u00e1dn\u00fd \u010dlen WIP, \u0159\u00e1dn\u011b zvolen\u00fd dan\u00fdm regionem a vyzvan\u00fd prezidentem WIP, aby slou\u017eil jako ofici\u00e1ln\u00ed sty\u010dn\u00e1 osoba s jakoukoli takovou organizac\u00ed, pravideln\u011b p\u00edsemn\u011b informuje v\u00fdkonnou radu o v\u0161ech p\u0159\u00edslu\u0161n\u00fdch z\u00e1le\u017eitostech.<\/p>\n\n\n\n<h2 class=\"wp-block-heading\">Opr\u00e1vn\u011bn\u00ed z\u0159izovat mezin\u00e1rodn\u00ed sekce<\/h2>\n\n\n\n<p>V\u00fdkonn\u00e1 rada WIP je opr\u00e1vn\u011bna upravovat z\u0159izov\u00e1n\u00ed region\u00e1ln\u00edch sekc\u00ed a souvisej\u00edc\u00ed p\u0159edpisy pro tento \u00fa\u010del. Jednotliv\u00ed \u010dlenov\u00e9 sekc\u00ed mus\u00ed b\u00fdt \u0159\u00e1dn\u00fdmi (FIPP) nebo p\u0159idru\u017een\u00fdmi \u010dleny WIP. Stanovy WIP jsou z\u00e1vazn\u00e9 pro v\u0161echny sekce a jejich \u010dleny.<\/p>\n\n\n\n<p>Z\u0159\u00edzen\u00ed mezin\u00e1rodn\u00edch sekc\u00ed podl\u00e9h\u00e1 schv\u00e1len\u00ed V\u00fdkonn\u00e9 rady. Iniciace takov\u00fdch sekc\u00ed je povolena v\u00fdhradn\u011b dr\u017eitel\u016fm certifik\u00e1tu FIPP, a to po schv\u00e1len\u00ed v\u00fdkonnou radou. Zakl\u00e1d\u00e1n\u00ed sekc\u00ed WIP je povoleno za p\u0159edpokladu, \u017ee alespo\u0148 p\u011bt dr\u017eitel\u016f certifik\u00e1tu FIPP v dan\u00e9 zemi nebo regionu je \u0159\u00e1dn\u00fdmi (FIPP) \u010dleny WIP s dobrou pov\u011bst\u00ed, kte\u0159\u00ed projev\u00ed p\u0159\u00e1n\u00ed tuto sekci zalo\u017eit.<\/p>\n\n\n\n<h2 class=\"wp-block-heading\">Funkcion\u00e1\u0159i a \u010dlenov\u00e9 Sekce<\/h2>\n\n\n\n<p>Ka\u017ed\u00e1 sekce mus\u00ed zvolit p\u0159edsedu, m\u00edstop\u0159edsedu, tajemn\u00edka a pokladn\u00edka. V p\u0159\u00edpad\u011b, \u017ee je sekce pova\u017eov\u00e1na za dostate\u010dn\u011b velkou, aby si zaslou\u017eila volbu dal\u0161\u00edch funkcion\u00e1\u0159\u016f, lze zv\u00e1\u017eit volbu dal\u0161\u00edho m\u00edstop\u0159edsedy z regionu.<\/p>\n\n\n\n<p>Slo\u017een\u00ed sekce je n\u00e1sleduj\u00edc\u00ed: p\u0159edseda, m\u00edstop\u0159edseda, tajemn\u00edk a pokladn\u00edk. V p\u0159\u00edpad\u011b, \u017ee je sekce dostate\u010dn\u011b velk\u00e1, aby od\u016fvodnila volbu dal\u0161\u00edch funkcion\u00e1\u0159\u016f, m\u00e1 sekce mo\u017enost jmenovat dal\u0161\u00edho m\u00edstop\u0159edsedu z regionu. \u010cleny sekce mohou b\u00fdt bu\u010f \u0159\u00e1dn\u00ed \u010dlenov\u00e9, kte\u0159\u00ed jsou dr\u017eiteli certifik\u00e1tu FIPP, nebo p\u0159idru\u017een\u00ed \u010dlenov\u00e9, kte\u0159\u00ed jsou potenci\u00e1ln\u00edmi kandid\u00e1ty na z\u00edsk\u00e1n\u00ed certifik\u00e1tu FIPP.<\/p>\n\n\n\n<h2 class=\"wp-block-heading\">\u010clenstv\u00ed<\/h2>\n\n\n\n<p>Sv\u011btov\u00fd institut bolesti (WIP) m\u00e1 jedine\u010dnou pozici pro napl\u0148ov\u00e1n\u00ed sv\u00e9ho charitativn\u00edho a vzd\u011bl\u00e1vac\u00edho posl\u00e1n\u00ed a c\u00edl\u016f prost\u0159ednictv\u00edm sv\u00fdch mezin\u00e1rodn\u00edch sekc\u00ed. Organizace vyz\u00fdv\u00e1 v\u0161echny \u010dleny sekc\u00ed, aby propagovali \u010dlenstv\u00ed ve WIP mezi kolegy ve sv\u00fdch zem\u00edch a v cel\u00e9 sv\u00e9 sekci. L\u00e9ka\u0159i zab\u00fdvaj\u00edc\u00ed se bolest\u00ed, kte\u0159\u00ed se rozhodnou b\u00fdt \u010dleny WIP, mohou spole\u010dn\u011b prosazovat z\u00e1jmy medic\u00edny bolesti prost\u0159ednictv\u00edm celosv\u011btov\u00e9 s\u00edt\u011b t\u00e9to organizace.<\/p>\n\n\n\n<p>Hlasy a \u00fasil\u00ed l\u00e9ka\u0159\u016f zab\u00fdvaj\u00edc\u00edch se bolest\u00ed na cel\u00e9m sv\u011bt\u011b jsou nejl\u00e9pe pos\u00edleny, mo\u017enosti vzd\u011bl\u00e1vac\u00edch a v\u011bdeck\u00fdch program\u016f specifick\u00fdch pro praxi bolesti jsou pos\u00edleny a uzn\u00e1n\u00ed medic\u00edny bolesti jako specializace je podporov\u00e1no po cel\u00e9m sv\u011bt\u011b prost\u0159ednictv\u00edm \u010dlenstv\u00ed ve WIP.<\/p>\n\n\n\n<div class=\"wp-block-buttons is-layout-flex wp-block-buttons-is-layout-flex\">\n<div class=\"wp-block-button\"><a class=\"wp-block-button__link wp-element-button\" href=\"https:\/\/www.wip-cs.com\/cs\/membership\/\">Sta\u0148te se \u010dleny<\/a><\/div>\n<\/div>","protected":false},"excerpt":{"rendered":"<p>WIP is an international organisation that facilitates the advancement of education in pain medicine. Its activities encompass the provision of specialised practical training and workshops, the organisation of related conferences and seminars, the exchange of practitioners, and the fostering of an international community of experts in the field. The organisation encourages personal and practice growth, &#8230; <a title=\"O organizaci World Institute of Pain\" class=\"read-more\" href=\"https:\/\/www.wip-cs.com\/cs\/about-wip\/about-world-institute-of-pain-organization\/\" aria-label=\"Read more about About World Institute of Pain organization\">\u010c\u00edst d\u00e1l<\/a><\/p>","protected":false},"author":1,"featured_media":315,"parent":19,"menu_order":0,"comment_status":"closed","ping_status":"closed","template":"page.php","meta":{"footnotes":""},"class_list":["post-72","page","type-page","status-publish","has-post-thumbnail"],"_links":{"self":[{"href":"https:\/\/www.wip-cs.com\/cs\/wp-json\/wp\/v2\/pages\/72","targetHints":{"allow":["GET"]}}],"collection":[{"href":"https:\/\/www.wip-cs.com\/cs\/wp-json\/wp\/v2\/pages"}],"about":[{"href":"https:\/\/www.wip-cs.com\/cs\/wp-json\/wp\/v2\/types\/page"}],"author":[{"embeddable":true,"href":"https:\/\/www.wip-cs.com\/cs\/wp-json\/wp\/v2\/users\/1"}],"replies":[{"embeddable":true,"href":"https:\/\/www.wip-cs.com\/cs\/wp-json\/wp\/v2\/comments?post=72"}],"version-history":[{"count":6,"href":"https:\/\/www.wip-cs.com\/cs\/wp-json\/wp\/v2\/pages\/72\/revisions"}],"predecessor-version":[{"id":314,"href":"https:\/\/www.wip-cs.com\/cs\/wp-json\/wp\/v2\/pages\/72\/revisions\/314"}],"up":[{"embeddable":true,"href":"https:\/\/www.wip-cs.com\/cs\/wp-json\/wp\/v2\/pages\/19"}],"wp:featuredmedia":[{"embeddable":true,"href":"https:\/\/www.wip-cs.com\/cs\/wp-json\/wp\/v2\/media\/315"}],"wp:attachment":[{"href":"https:\/\/www.wip-cs.com\/cs\/wp-json\/wp\/v2\/media?parent=72"}],"curies":[{"name":"wp","href":"https:\/\/api.w.org\/{rel}","templated":true}]}}