{"id":75,"date":"2025-03-18T14:29:19","date_gmt":"2025-03-18T14:29:19","guid":{"rendered":"https:\/\/www.wip-cs.com\/?page_id=75"},"modified":"2025-04-10T18:31:12","modified_gmt":"2025-04-10T18:31:12","slug":"czech-and-slovak-wip-section","status":"publish","type":"page","link":"https:\/\/www.wip-cs.com\/cs\/about-wip\/czech-and-slovak-wip-section\/","title":{"rendered":"\u010cesko-slovensk\u00e1 sekce Sv\u011btov\u00e9ho institutu bolesti (WIP-CS)"},"content":{"rendered":"<p>\u010cesko-slovensk\u00e1 sekce Sv\u011btov\u00e9ho institutu bolesti (WIP-CS) je vedouc\u00ed region\u00e1ln\u00ed organizac\u00ed podporuj\u00edc\u00ed studium a praxi v oblasti bolesti a jej\u00edho tlumen\u00ed. WIP-CS sdru\u017euje l\u00e9ka\u0159e, poskytovatele zdravotn\u00ed p\u00e9\u010de, v\u00fdzkumn\u00e9 pracovn\u00edky a tv\u016frce zdravotnick\u00e9 praxe, kte\u0159\u00ed se sna\u017e\u00ed napl\u0148ovat jej\u00ed posl\u00e1n\u00ed p\u0159in\u00e1\u0161et \u00falevu t\u011bm, kte\u0159\u00ed trp\u00ed bolest\u00ed.<\/p>\n\n\n\n<h2 class=\"wp-block-heading\">WIP CS - Rada<\/h2>\n\n\n\n<p>P\u0159edseda<br><strong>Robert Rapcan MD, FIPP, MBA, PhD.<\/strong><\/p>\n\n\n\n<p>Podp\u0159edseda<br><strong>Michal Matias MD, FIPP<\/strong><\/p>\n\n\n\n<p>Tajemn\u00edk<br><strong>Juraj Mlaka MD, FIPP, EDRA<\/strong><\/p>\n\n\n\n<p>Pokladn\u00edk<br><strong>Martin Griger MD, FIPP, DESA, PhD.<\/strong><\/p>\n\n\n\n<div style=\"height:30px\" aria-hidden=\"true\" class=\"wp-block-spacer\"><\/div>\n\n\n\n<h2 class=\"wp-block-heading\">C\u00edle \u010desko-slovensk\u00e9 sekce WIP<\/h2>\n\n\n\n<div style=\"height:20px\" aria-hidden=\"true\" class=\"wp-block-spacer\"><\/div>\n\n\n\n<h3 class=\"wp-block-heading\">C\u00edle \u010desko-slovensk\u00e9 sekce WIP jsou n\u00e1sleduj\u00edc\u00ed<\/h3>\n\n\n\n<ul class=\"wp-block-list\">\n<li>Zlep\u0161it v\u00fdzkum, vzd\u011bl\u00e1v\u00e1n\u00ed a klinickou l\u00e9\u010dbu bolesti a slou\u017eit jako autoritativn\u00ed, v\u011bdecky podlo\u017een\u00fd zdroj informac\u00ed o ot\u00e1zk\u00e1ch souvisej\u00edc\u00edch s bolest\u00ed a jej\u00ed l\u00e9\u010dbou.<\/li>\n\n\n\n<li>Podporovat multidisciplin\u00e1rn\u00ed a multiprofesn\u00ed l\u00e9\u010dbu bolesti a biopsychosoci\u00e1ln\u00ed model bolesti.<\/li>\n\n\n\n<li>Pos\u00edlit porozum\u011bn\u00ed a znalosti mechanism\u016f bolesti, charakteristik bolesti, diagnostiky bolestiv\u00fdch stav\u016f, dopadu bolesti na jedince a spole\u010dnost a l\u00e9\u010dby bolesti.<\/li>\n\n\n\n<li>Podporovat pr\u00e1ci sv\u00fdch \u010dlen\u016f p\u0159i dosahov\u00e1n\u00ed t\u011bchto c\u00edl\u016f.<\/li>\n<\/ul>\n\n\n\n<h3 class=\"wp-block-heading\">WIP-CS douf\u00e1, \u017ee t\u011bchto c\u00edl\u016f dos\u00e1hne prost\u0159ednictv\u00edm t\u011bchto \u010dinnost\u00ed<\/h3>\n\n\n\n<ul class=\"wp-block-list\">\n<li>Rozvoj vzd\u011bl\u00e1vac\u00edch program\u016f pro zlep\u0161en\u00ed znalost\u00ed o bolesti mezi zdravotn\u00edky a v\u00fdzkumn\u00edky.<\/li>\n\n\n\n<li>Zvy\u0161ov\u00e1n\u00ed pov\u011bdom\u00ed pacient\u016f a \u0161irok\u00e9 ve\u0159ejnosti o v\u00fdznamu bolesti, v\u010detn\u011b jej\u00ed l\u00e9\u010dby a prevence.<\/li>\n\n\n\n<li>Kampan\u011b za zlep\u0161en\u00ed politik, kter\u00e9 ovliv\u0148uj\u00ed bolest, a za zv\u00fd\u0161en\u00ed financov\u00e1n\u00ed bolesti ve ve\u0159ejn\u00fdch v\u00fdzkumn\u00fdch programech.<\/li>\n\n\n\n<li>Podpora v\u011bdeck\u00e9ho kongresu a semin\u00e1\u0159\u016f o bolesti, kter\u00e9 p\u0159edstavuj\u00ed nejnov\u011bj\u0161\u00ed v\u00fdzkum a p\u0159\u00edstupy ke klinick\u00e9 l\u00e9\u010db\u011b.<\/li>\n\n\n\n<li>Publikov\u00e1n\u00ed v\u011bdeck\u00fdch \u010dl\u00e1nk\u016f s c\u00edlem \u0161\u00ed\u0159it nejnov\u011bj\u0161\u00ed v\u00fdsledky v\u00fdzkumu a p\u0159\u00edstup k medic\u00edn\u011b bolesti zalo\u017een\u00fd na d\u016fkazech.<\/li>\n\n\n\n<li>Creating and disseminating evidence-based guidance for clinicians.<\/li>\n<\/ul>\n\n\n\n<h2 class=\"wp-block-heading\">Sou\u010dasn\u00ed \u010dlenov\u00e9 \u010desk\u00e9 a slovensk\u00e9 sekce World Institute of Pain<\/h2>\n\n\n\n<p><\/p>\n\n\n\n<h3 class=\"wp-block-heading\">Robert Rapcan MD, FIPP, MBA, PhD<\/h3>\n\n\n\n<p><strong>P\u0159edseda WIP-CS<\/strong><\/p>\n\n\n\n<p>Robert Rapcan, MD, FIPP, MBA, PhD, je p\u0159edn\u00edm evropsk\u00fdm specialistou na minim\u00e1ln\u011b invazivn\u00ed a endoskopickou l\u00e9\u010dbu zad certifikovanou ve \u0160v\u00e9dsku, Velk\u00e9 Brit\u00e1nii, Norsku, na Slovensku a v \u010cesk\u00e9 republice. Dr. Rapcan je zakladatelem Interventional Pain Academy.<\/p>\n\n\n\n<p>Dr. Rapcan dlouhodob\u011b udr\u017euje trend zav\u00e1d\u011bn\u00ed inovativn\u00edch l\u00e9\u010debn\u00fdch metod a technik, speci\u00e1ln\u00edch metodik a nejnov\u011bj\u0161\u00edch technologi\u00ed l\u00e9ka\u0159sk\u00fdch p\u0159\u00edstroj\u016f do klinick\u00e9 praxe v\u0161ech pracovi\u0161\u0165 EuroPainClinics. Jako odborn\u00fd l\u00e9ka\u0159sk\u00fd garant se pod\u00edl\u00ed na utv\u00e1\u0159en\u00ed vize a strategie spole\u010dnosti EuroPainClinics.<\/p>\n\n\n\n<p>V roce 2013 jako prvn\u00ed l\u00e9ka\u0159 ze Slovenska splnil odborn\u00e1 krit\u00e9ria pro ud\u011blen\u00ed titulu FIPP (Fellow of Interventional Pain Practice) Sv\u011btov\u00e9ho institutu bolesti (WIP), kter\u00fd deklaruje odbornou zp\u016fsobilost l\u00e9ka\u0159e v interven\u010dn\u00edch technik\u00e1ch l\u00e9\u010dby bolesti. O t\u0159i roky pozd\u011bji byl jmenov\u00e1n do funkce zkou\u0161ej\u00edc\u00edho FIPP - \u010dlena zku\u0161ebn\u00ed komise FIPP a examin\u00e1tora mezin\u00e1rodn\u00edch zkou\u0161ek FIPP. Od roku 2019 je \u010dlenem poradn\u00edho sboru PainCast, mezin\u00e1rodn\u00edho vzd\u011bl\u00e1vac\u00edho port\u00e1lu pro l\u00e9ka\u0159e zab\u00fdvaj\u00edc\u00ed se l\u00e9\u010dbou bolesti.<\/p>\n\n\n\n<p>V r\u00e1mci sv\u00e9 pedagogick\u00e9 \u010dinnosti vyu\u010duje algeziologii a ultrazvukovou anatomii na L\u00e9ka\u0159sk\u00e9 fakult\u011b UPJ\u0160 v Ko\u0161ic\u00edch, interven\u010dn\u00ed algeziologick\u00e9 techniky na Gulf Medical University ve Spojen\u00fdch arabsk\u00fdch emir\u00e1tech a je mezin\u00e1rodn\u00edm \u0161kolitelem n\u011bmeck\u00e9 spole\u010dnosti MaxMore pro \u0161kolen\u00ed v endoskopick\u00fdch technik\u00e1ch, v\u010detn\u011b nov\u00e9ho konceptu MaxMore J@ablation pro l\u00e9\u010dbu bolesti facetov\u00e9ho syndromu.<\/p>\n\n\n\n<p><strong>VZD\u011aL\u00c1N\u00cd A KARI\u00c9RA<\/strong><\/p>\n\n\n\n<p>Profesn\u00ed kari\u00e9ra Dr. R\u00f3berta Rap\u010dana je neodmysliteln\u011b spjata s jeho dlouholet\u00fdm p\u016fsoben\u00edm ve v\u00fdznamn\u00fdch evropsk\u00fdch zdravotnick\u00fdch instituc\u00edch, kde zast\u00e1val \u0159adu vedouc\u00edch funkc\u00ed. Sv\u00fdmi odborn\u00fdmi znalostmi v\u00fdznamn\u011b p\u0159isp\u011bl k rozvoji oboru algeziologie a interven\u010dn\u00ed l\u00e9\u010dby bolesti. Krom\u011b sv\u00e9 funkce v EuroPainClinics\u00ae p\u016fsob\u00ed MUDr. Rap\u010dan ji\u017e v\u00edce ne\u017e 16 let ve \u0160v\u00e9dsku, p\u0159edev\u0161\u00edm v univerzitn\u00ed nemocnici v Ume\u00e5. V letech 2005-2010 zast\u00e1val pozici vedouc\u00edho l\u00e9ka\u0159e v oboru anesteziologie a interven\u010dn\u00ed l\u00e9\u010dby bolesti ve specializovan\u00fdch nemocnic\u00edch United Kingdom ve Velk\u00e9 Brit\u00e1nii. Krom\u011b toho v letech 2008-2010 p\u016fsobil jako l\u00e9ka\u0159sk\u00fd \u0159editel nemocnice Shepton Mallet Treatment Centre Hospital. V\u00fdznamn\u011b se pod\u00edlel na zav\u00e1d\u011bn\u00ed inovativn\u00edch syst\u00e9m\u016f integrovan\u00e9 l\u00e9ka\u0159sk\u00e9 p\u00e9\u010de.<\/p>\n\n\n\n<p><strong>\u010cLENSTV\u00cd V ODBORN\u00ddCH SPOLE\u010cNOSTECH<\/strong><\/p>\n\n\n\n<p>Doktor R\u00f3bert Rap\u010dan je zakl\u00e1daj\u00edc\u00edm \u010dlenem a prezidentem Slovensk\u00e9 spole\u010dnosti pro interven\u010dn\u00ed l\u00e9\u010dbu bolesti. Je p\u0159edsedou sekce interven\u010dn\u00ed algeziologie na Slovensku. Je \u010dlenem \u0159ady n\u00e1rodn\u00edch a mezin\u00e1rodn\u00edch odborn\u00fdch spole\u010dnost\u00ed, v\u010detn\u011b Spole\u010dnosti pro interven\u010dn\u00ed l\u00e9\u010dbu bolesti p\u00e1te\u0159e, Sv\u011btov\u00e9ho institutu bolesti, Mezin\u00e1rodn\u00ed neuromodula\u010dn\u00ed spole\u010dnosti, Evropsk\u00e9 spole\u010dnosti pro region\u00e1ln\u00ed anestezii, Slovensk\u00e9 spole\u010dnosti pro studium a l\u00e9\u010dbu bolesti a Polsk\u00e9 spole\u010dnosti pro interven\u010dn\u00ed l\u00e9\u010dbu bolesti.<\/p>\n\n\n\n<p><strong>V\u00ddZKUM, PUBLIKACE A ODBORN\u00c9 AKTIVITY<\/strong><\/p>\n\n\n\n<p>Dr. Rap\u010dan publikoval zna\u010dn\u00e9 mno\u017estv\u00ed v\u011bdeck\u00fdch \u010dl\u00e1nk\u016f, a\u0165 u\u017e jako jedin\u00fd autor, nebo ve spolupr\u00e1ci s dal\u0161\u00edmi v\u011bdci, v dom\u00e1c\u00edch i zahrani\u010dn\u00edch v\u011bdeck\u00fdch \u010dasopisech. Jako organiz\u00e1tor, spoluorganiz\u00e1tor a aktivn\u00ed p\u0159edn\u00e1\u0161ej\u00edc\u00ed se \u00fa\u010dastn\u00ed dom\u00e1c\u00edch i mezin\u00e1rodn\u00edch kongres\u016f a sympozi\u00ed. P\u016fsob\u00ed jako recenzent odborn\u00e9ho \u010dasopisu Pain Ukraine.&nbsp;<br>Autor se zab\u00fdv\u00e1 publikov\u00e1n\u00edm \u010dl\u00e1nk\u016f.<\/p>\n\n\n\n<p><strong>Z\u00c1JMY<\/strong><\/p>\n\n\n\n<p>Ve voln\u00e9m \u010dase se v\u011bnuje aktivit\u00e1m, kter\u00e9 ho zaj\u00edmaj\u00ed, v\u010detn\u011b tr\u00e1ven\u00ed \u010dasu s rodinou a sportov\u00e1n\u00ed, zejm\u00e9na cyklistice, plav\u00e1n\u00ed, b\u011bhu a triatlonu. Krom\u011b toho se v\u011bnuje bojov\u00fdm um\u011bn\u00edm.<\/p>\n\n\n\n<h3 class=\"wp-block-heading\">Michal Matias MD, FIPP<\/h3>\n\n\n\n<p><strong>Podp\u0159edseda WIP-CS<\/strong><\/p>\n\n\n\n<p>Michal Matias, M.D., FIPP, je atestovan\u00fd algeziolog, anesteziolog a l\u00e9ka\u0159 intenzivn\u00ed p\u00e9\u010de, dr\u017eitel mezin\u00e1rodn\u00ed l\u00e9ka\u0159sk\u00e9 certifikace FIPP (Fellow of Interventional Pain Practice). Od ledna 2024 bude l\u00e9ka\u0159sk\u00fdm \u0159editelem EuroPainClinics pro \u010ceskou republiku.<\/p>\n\n\n\n<p>Michal Matias, M.D., FIPP, je vedouc\u00edm Kliniky minim\u00e1ln\u011b invazivn\u00ed l\u00e9\u010dby zad v EuroPainClinics Hradec Kr\u00e1lov\u00e9 a odborn\u00fdm garantem EuroPainClinics Plze\u0148. Od roku 2017 p\u016fsob\u00ed jako l\u00e9ka\u0159 a chirurg v EuroPainClinics Praha a Brno, kde v letech 2019-2020 zast\u00e1val funkci vedouc\u00edho l\u00e9ka\u0159e.<\/p>\n\n\n\n<p>MUDr. Matias je dr\u017eitelem presti\u017en\u00edho mezin\u00e1rodn\u00edho l\u00e9ka\u0159sk\u00e9ho certifik\u00e1tu FIPP (Fellow of Interventional Pain Practice), kter\u00fd je potvrzen\u00edm vysok\u00e9 odborn\u00e9 zp\u016fsobilosti v p\u0159esn\u00e9m a bezpe\u010dn\u00e9m zvl\u00e1d\u00e1n\u00ed interven\u010dn\u00edch technik a oprav\u0148uje (spolu s n\u00e1rodn\u00ed licenc\u00ed) k prov\u00e1d\u011bn\u00ed t\u011bchto specializovan\u00fdch technik po cel\u00e9m sv\u011bt\u011b. Tuto certifikaci ud\u011bluje Sv\u011btov\u00fd institut bolesti. Je rovn\u011b\u017e dr\u017eitelem certifik\u00e1tu pro region\u00e1ln\u00ed anestezii pod ultrazvukovou kontrolou a je poskytovatelem ALS a dr\u017eitelem certifik\u00e1tu EACTA\/ESC pro TEE u dosp\u011bl\u00fdch.<\/p>\n\n\n\n<p>Je tak\u00e9 l\u00e9ka\u0159em a z\u00e1stupcem vedouc\u00edho Centra pro l\u00e9\u010dbu bolesti na Klinice anesteziologie, resuscitace a intenzivn\u00ed medic\u00edny 1. l\u00e9ka\u0159sk\u00e9 fakulty Univerzity Karlovy v Praze. V letech 2015-2019 byl vedouc\u00edm l\u00e9ka\u0159em SPIN Kliniky anesteziologie, resuscitace a intenzivn\u00ed medic\u00edny 1. LF UK a VFN Praha.<\/p>\n\n\n\n<p><strong>Juraj Mlaka MD, FIPF, EDRA<\/strong><\/p>\n\n\n\n<p><strong>Tajemn\u00edk WIP-CS<\/strong><\/p>\n\n\n\n<p>Juraj Ml\u00e1ka, M.D., FIPP, EDRA, je t\u0159et\u00edm slovensk\u00fdm l\u00e9ka\u0159em - dr\u017eitelem presti\u017en\u00edho mezin\u00e1rodn\u00edho certifik\u00e1tu FIPP (Fellow of Interventional Pain Practice), kter\u00fd ud\u011bluje Sv\u011btov\u00fd institut bolesti (WIP) pro oblast interven\u010dn\u00ed l\u00e9\u010dby bolesti. Certifikace je potvrzen\u00edm odborn\u00e9 zp\u016fsobilosti l\u00e9ka\u0159e v prov\u00e1d\u011bn\u00ed minim\u00e1ln\u011b invazivn\u00edch a endoskopick\u00fdch technik p\u0159i l\u00e9\u010db\u011b zad a oprav\u0148uje jej k v\u00fdkonu po cel\u00e9m sv\u011bt\u011b.<\/p>\n\n\n\n<p>V roce 2019 z\u00edskal presti\u017en\u00ed Evropsk\u00fd diplom v region\u00e1ln\u00ed anestezii a akutn\u00ed bolesti (EDRA), kter\u00fd ud\u011bluje Evropsk\u00e1 spole\u010dnost pro region\u00e1ln\u00ed anestezii a l\u00e9\u010dbu bolesti, a v sou\u010dasn\u00e9 dob\u011b je jedn\u00edm ze \u010dty\u0159 slovensk\u00fdch l\u00e9ka\u0159\u016f s touto certifikac\u00ed. Je odborn\u00edkem na interven\u010dn\u00ed l\u00e9\u010dbu bolesti prov\u00e1d\u011bnou pod rentgenovou a ultrazvukovou kontrolou.<\/p>\n\n\n\n<p><strong>Martin Griger MD, FIPP, DESA, PhD.<\/strong><\/p>\n\n\n\n<p><strong>Pokladn\u00edk WIP-CS<\/strong><\/p>\n\n\n\n<p>Martin Griger, M.D., PhD., FIPP, je certifikovan\u00fd anesteziolog, intenzivista a specialista na l\u00e9\u010dbu bolesti prov\u00e1d\u011bnou pod rentgenovou a ultrazvukovou kontrolou. Rozs\u00e1hl\u00e9 zku\u0161enosti s interven\u010dn\u00ed l\u00e9\u010dbou bolesti z\u00edskal b\u011bhem sv\u00e9 n\u011bkolikalet\u00e9 klinick\u00e9 praxe v Irsku. Od roku 2015 je vedouc\u00edm l\u00e9ka\u0159em specializovan\u00e9 kliniky bolesti EuroPainClinics v Bratislav\u011b.<\/p>\n\n\n\n<p>\u00a0Dr. Griger je druh\u00fdm slovensk\u00fdm l\u00e9ka\u0159em - dr\u017eitelem presti\u017en\u00edho mezin\u00e1rodn\u00edho certifik\u00e1tu FIPP (Fellow of Interventional Pain Practice), kter\u00fd ud\u011bluje Sv\u011btov\u00fd institut bolesti (WIP) pro oblast interven\u010dn\u00ed l\u00e9\u010dby bolesti. Certifikace je potvrzen\u00edm odborn\u00e9 zp\u016fsobilosti l\u00e9ka\u0159e v prov\u00e1d\u011bn\u00ed minim\u00e1ln\u011b invazivn\u00edch a endoskopick\u00fdch technik p\u0159i l\u00e9\u010db\u011b zad a oprav\u0148uje k v\u00fdkonu po cel\u00e9m sv\u011bt\u011b.<\/p>\n\n\n\n<p><strong>Michal Adam MD, FIPP<\/strong><\/p>\n\n\n\n<p>\u010clen WIP-CS<\/p>\n\n\n\n<p>Doktor Michal Adam je specialistou na minim\u00e1ln\u011b invazivn\u00ed a endoskopickou l\u00e9\u010dbu p\u00e1te\u0159e.<\/p>\n\n\n\n<p>Doktor Adam je certifikovan\u00fd specialista na l\u00e9\u010dbu bolesti, anesteziolog a intenzivista. Je dr\u017eitelem certifik\u00e1tu lektora v oblasti ultrazvukem \u0159\u00edzen\u00e9 region\u00e1ln\u00ed anestezie.<\/p>\n\n\n\n<p>L\u00e9ka\u0159sk\u00e1 studia absolvoval na Univerzit\u011b Pavla Jozefa \u0160af\u00e1rika v Ko\u0161ic\u00edch. V roce 2005 nastoupil jako anesteziolog do Fakultn\u00ed nemocnice u svat\u00e9 Anny v Brn\u011b, kde po \u00fasp\u011b\u0161n\u00e9m z\u00edsk\u00e1n\u00ed specializace pracoval jako vedouc\u00ed l\u00e9ka\u0159 ortopedick\u00e9 kliniky na pozici anesteziologa. Od roku 2017, po absolvov\u00e1n\u00ed specializace v oboru l\u00e9\u010dba bolesti, pracuje v Centru pro l\u00e9\u010dbu chronick\u00e9 bolesti.&nbsp;<\/p>\n\n\n\n<p>MUDr. Michal Adam je l\u00e9ka\u0159em specializovan\u00e9ho pracovi\u0161t\u011b EuroPainClinics Brno od z\u00e1\u0159\u00ed 2020. Je \u010dlenem odborn\u00fdch spole\u010dnost\u00ed pro studium a l\u00e9\u010dbu bolesti \u010cLK JEP a tak\u00e9 \u010cesk\u00e9 spole\u010dnosti anesteziologie, resuscitace a intenzivn\u00ed medic\u00edny (\u010cSARIM).<\/p>\n\n\n\n<p><strong>Lubomir Poliak MD, FIPP<\/strong><\/p>\n\n\n\n<p><strong>\u010clen WIP-CS<\/strong><\/p>\n\n\n\n<p>Specialista na minim\u00e1ln\u011b invazivn\u00ed a endoskopickou l\u00e9\u010dbu p\u00e1te\u0159e.<\/p>\n\n\n\n<p>&nbsp;&nbsp;&nbsp;&nbsp;&nbsp;&nbsp;&nbsp;&nbsp;&nbsp;&nbsp;&nbsp; Dr. \u013dubom\u00edr Poliak, FIPP je certifikovan\u00fd specialista na l\u00e9\u010dbu bolesti, anesteziolog a intenzivista, specialista na minim\u00e1ln\u011b invazivn\u00ed a endoskopickou l\u00e9\u010dbu bolesti. \u013dubom\u00edr Poliak MD. je dr\u017eitelem presti\u017en\u00edho mezin\u00e1rodn\u00edho l\u00e9ka\u0159sk\u00e9ho certifik\u00e1tu FIPP (Fellow of Interventional Pain Practice), kter\u00fd je potvrzen\u00edm vysok\u00e9 odborn\u00e9 zp\u016fsobilosti v p\u0159esn\u00e9m a bezpe\u010dn\u00e9m zvl\u00e1d\u00e1n\u00ed interven\u010dn\u00edch technik, je opr\u00e1vn\u011bn (spolu s n\u00e1rodn\u00ed licenc\u00ed) prov\u00e1d\u011bt tyto specializovan\u00e9 techniky po cel\u00e9m sv\u011bt\u011b. Certifikaci ud\u011bluje Sv\u011btov\u00fd institut bolesti.<\/p>\n\n\n\n<p>&nbsp;&nbsp;&nbsp;&nbsp;&nbsp;&nbsp;&nbsp;&nbsp;&nbsp;&nbsp;&nbsp; Specializuje se na regenera\u010dn\u00ed l\u00e9\u010dbu autologn\u00ed plazmou pod rentgenovou navigac\u00ed, denerva\u010dn\u00ed techniky - kryoanalgezii a v sou\u010dasn\u00e9 dob\u011b jako jedin\u00fd l\u00e9ka\u0159 na Slovensku prov\u00e1d\u00ed perkut\u00e1nn\u00ed bal\u00f3nkovou dekompresi trigemin\u00e1ln\u00edho ganglia ke zm\u00edrn\u011bn\u00ed neuralgick\u00fdch bolest\u00ed v obli\u010deji. V\u011bnuje se aktivn\u00ed publika\u010dn\u00ed \u010dinnosti a je p\u0159edn\u00e1\u0161ej\u00edc\u00edm na dom\u00e1c\u00ed i zahrani\u010dn\u00ed odborn\u00e9 p\u016fd\u011b.<\/p>\n\n\n\n<p><strong>Peter Lences MD,FIPP<\/strong><\/p>\n\n\n\n<p><strong>\u010clen WIP-CS<\/strong><\/p>\n\n\n\n<p>MUDr. Peter Len\u010d\u00e9\u0161 je specialistou na minim\u00e1ln\u011b invazivn\u00ed a endoskopickou l\u00e9\u010dbu zad. Je atestovan\u00fdm anesteziologem a intenzivistou a specialistou na interven\u010dn\u00ed l\u00e9\u010dbu bolesti. Je dr\u017eitelem atestac\u00ed v oborech anesteziologie a intenzivn\u00ed medic\u00edna, urgentn\u00ed medic\u00edna, infek\u010dn\u00ed l\u00e9ka\u0159stv\u00ed a v\u0161eobecn\u00e9 l\u00e9ka\u0159stv\u00ed. Krom\u011b dlouhodob\u00e9ho p\u016fsoben\u00ed na slovensk\u00fdch pracovi\u0161t\u00edch byl l\u00e9ka\u0159em EuroPainClinics Brno v \u010cesk\u00e9 republice.<\/p>\n\n\n\n<p>Peter Len\u010d\u00e9\u0161 M.D. je \u010dlenem Slovensk\u00e9 spole\u010dnosti anesteziologie, resuscitace a intenzivn\u00ed p\u00e9\u010de (SSAIM), Slovensk\u00e9 spole\u010dnosti pro studium a l\u00e9\u010dbu bolesti (SSSLB).<\/p>\n\n\n\n<p>Slovensk\u00e1 spole\u010dnost pro interven\u010dn\u00ed l\u00e9\u010dbu bolesti (SIA), Slovensk\u00e1 l\u00e9ka\u0159sk\u00e1 komora,<\/p>\n\n\n\n<p>Klinick\u00e1 praxe a mezin\u00e1rodn\u00ed spolupr\u00e1ce a tak\u00e9 \u010dlen presti\u017en\u00ed Champique de Champagne, Troyes, Francie. V minulosti pracoval ve vojensk\u00e9 poln\u00ed nemocnici v K\u00e1bulu v Afgh\u00e1nist\u00e1nu.<\/p>\n\n\n\n<p><strong>Ladislav Kocan MD, FIPP, PhD.<\/strong><\/p>\n\n\n\n<p><strong>\u010clen WIP-CS<\/strong><\/p>\n\n\n\n<p>Ladislav Ko\u010dan  MD,, PhD., pracuje jako mana\u017eer klinick\u00e9ho v\u00fdzkumu ve spole\u010dnosti EuroPainClinics . Je atestovan\u00fdm anesteziologem a intenzivistou. Je autorem a spoluautorem n\u011bkolika zahrani\u010dn\u00edch recenzovan\u00fdch publikac\u00ed a koordin\u00e1torem n\u011bkolika l\u00e9ka\u0159sk\u00fdch studi\u00ed v oblasti interven\u010dn\u00ed algeziologie a intenzivn\u00ed medic\u00edny. Je tak\u00e9 \u010dlenem redak\u010dn\u00ed rady \u010dasopisu American Journal of Food and Nutrition.<\/p>\n\n\n\n<p>Ladislav Ko\u010dan, M.D., je mana\u017eerem klinick\u00e9ho v\u00fdzkumu a klinick\u00fdch studi\u00ed ve spole\u010dnosti EuroPainClinics. P\u016fsob\u00ed tak\u00e9 jako l\u00e9ka\u0159-specialista na minim\u00e1ln\u011b invazivn\u00ed a endoskopickou l\u00e9\u010dbu, kterou prov\u00e1d\u00ed na specializovan\u00e9m pracovi\u0161ti EuroPainClinics Ko\u0161ice.<\/p>\n\n\n\n<p><strong>Robert Tirpak MD, FIPP<\/strong><\/p>\n\n\n\n<p><strong>\u010clen WIP-CS<\/strong><\/p>\n\n\n\n<p>Dr. Robert Tirp\u00e1k je prvn\u00edm l\u00e9ka\u0159em v \u010cesk\u00e9 republice, kter\u00fd z\u00edskal presti\u017en\u00ed mezin\u00e1rodn\u00ed l\u00e9ka\u0159skou certifikaci FIPP (Fellow of Interventional Pain Practice). Tuto certifikaci ud\u011bluje Sv\u011btov\u00fd institut bolesti (WIP) pro l\u00e9\u010dbu bolesti a je potvrzen\u00edm odborn\u00e9 zp\u016fsobilosti k p\u0159esn\u00e9mu a bezpe\u010dn\u00e9mu zvl\u00e1dnut\u00ed minim\u00e1ln\u011b invazivn\u00edch a endoskopick\u00fdch technik oprav\u0148uj\u00edc\u00edch (spolu s n\u00e1rodn\u00ed licenc\u00ed) k prov\u00e1d\u011bn\u00ed t\u011bchto specializovan\u00fdch technik po cel\u00e9m sv\u011bt\u011b.<\/p>\n\n\n\n<p>&nbsp;&nbsp;&nbsp;&nbsp;&nbsp;&nbsp;&nbsp;&nbsp;&nbsp;&nbsp;&nbsp; Od roku 2014 je vedouc\u00edm l\u00e9ka\u0159em EuroPainClinics - Minim\u00e1ln\u011b invazivn\u00ed a endoskopick\u00e1 l\u00e9\u010dba zad v Praze. Z\u00edskal specializaci v oboru anesteziologie a intenzivn\u00ed medic\u00edna, je certifikovan\u00fdm specialistou pro l\u00e9\u010dbu bolesti a dr\u017eitelem certifik\u00e1tu v oboru manu\u00e1ln\u00ed a myoskelet\u00e1ln\u00ed medic\u00edna. Intenzivn\u011b se pod\u00edl\u00ed na publikov\u00e1n\u00ed v odborn\u00fdch \u010dasopisech a aktivn\u011b se v\u011bnuje p\u0159edn\u00e1\u0161kov\u00e9 a dal\u0161\u00ed vzd\u011bl\u00e1vac\u00ed \u010dinnosti.<\/p>\n\n\n\n<p>&nbsp;&nbsp;&nbsp;&nbsp;&nbsp;&nbsp;&nbsp;&nbsp;&nbsp;&nbsp;&nbsp; Z\u00edskal rozs\u00e1hl\u00e9 zku\u0161enosti b\u011bhem dlouholet\u00e9 klinick\u00e9 praxe na \u0159ad\u011b presti\u017en\u00edch klinick\u00fdch pracovi\u0161\u0165 ve Velk\u00e9 Brit\u00e1nii.<\/p>\n\n\n\n<p><strong>Jan Farkas MD, FIPP<\/strong><\/p>\n\n\n\n<p><strong>\u010clen WIP-CS<\/strong><\/p>\n\n\n\n<p>Jan Farka\u0161, MD, FIPP, je atestovan\u00fd algeziolog, anesteziolog a intenzivista a dr\u017eitel mezin\u00e1rodn\u00ed l\u00e9ka\u0159sk\u00e9 certifikace FIPP (Fellow of Interventional Pain Practice).<\/p>\n\n\n\n<p>Jan Farka\u0161, MD, FIPP, je vedouc\u00edm l\u00e9ka\u0159em Kliniky miniinvazivn\u00ed l\u00e9\u010dby zad EuroPainClinics Ostrava. Po ukon\u010den\u00ed studia na L\u00e9ka\u0159sk\u00e9 fakult\u011b Univerzity Karlovy v Plzni v roce 2005 nastoupil na Anesteziologicko-resuscita\u010dn\u00ed kliniku Fakultn\u00ed nemocnice Plze\u0148. Od roku 2009 se d\u00e1le rozv\u00edjel v klinick\u00e9 praxi v Nemocnici Nov\u00fd Ji\u010d\u00edn, kde pracoval jako algeziolog a anesteziolog na odd\u011blen\u00ed ARO a v ambulanci l\u00e9\u010dby bolesti. Od roku 2017 provozuje samostatnou praxi l\u00e9\u010dby bolesti v T\u0159inci. Krom\u011b t\u00e9to funkce p\u016fsob\u00ed tak\u00e9 jako l\u00e9ka\u0159 Zdravotnick\u00e9 z\u00e1chrann\u00e9 slu\u017eby Moravskoslezsk\u00e9ho kraje.<\/p>\n\n\n\n<p>Je dr\u017eitelem presti\u017en\u00edho mezin\u00e1rodn\u00edho l\u00e9ka\u0159sk\u00e9ho certifik\u00e1tu FIPP (Fellow of Interventional Pain Practice), kter\u00fd dokl\u00e1d\u00e1 jeho vysokou odbornou zp\u016fsobilost v oblasti p\u0159esn\u00e9ho a bezpe\u010dn\u00e9ho zvl\u00e1d\u00e1n\u00ed interven\u010dn\u00edch technik. Tato certifikace ho v kombinaci s n\u00e1rodn\u00ed licenc\u00ed oprav\u0148uje k prov\u00e1d\u011bn\u00ed t\u011bchto specializovan\u00fdch technik po cel\u00e9m sv\u011bt\u011b. Certifikaci ud\u011bluje Sv\u011btov\u00fd institut bolesti. D\u00e1le z\u00edskal certifikaci v kurzu Advanced Life Support (ALS), kter\u00fd zahrnuje specializovan\u00fd v\u00fdcvik v l\u00e9ka\u0159sk\u00fdch postupech ur\u010den\u00fdch k \u00fa\u010dinn\u00e9 l\u00e9\u010db\u011b n\u00e1hl\u00e9 z\u00e1stavy ob\u011bhu a kritick\u00fdch stav\u016f.<\/p>\n\n\n\n<div class=\"wp-block-buttons is-layout-flex wp-block-buttons-is-layout-flex\">\n<div class=\"wp-block-button\"><a class=\"wp-block-button__link wp-element-button\" href=\"https:\/\/www.wip-cs.com\/cs\/membership\/\">Sta\u0148te se \u010dleny<\/a><\/div>\n<\/div>","protected":false},"excerpt":{"rendered":"<p>The World Institute of Pain Czech-Slovak Section (WIP-CS) is the leading regional organisation supporting the study and practice of pain and pain relief. WIP-CS brings together physicians, healthcare providers, researchers and healthcare practice developers who strive to fulfil its mission to bring relief to those who suffer from pain. WIP CS &#8211; Board The ChairmanRobert &#8230; <a title=\"\u010cesko-slovensk\u00e1 sekce Sv\u011btov\u00e9ho institutu bolesti (WIP-CS)\" class=\"read-more\" href=\"https:\/\/www.wip-cs.com\/cs\/about-wip\/czech-and-slovak-wip-section\/\" aria-label=\"Read more about Czech and Slovak WIP section\">\u010c\u00edst d\u00e1l<\/a><\/p>","protected":false},"author":1,"featured_media":318,"parent":19,"menu_order":0,"comment_status":"closed","ping_status":"closed","template":"page.php","meta":{"footnotes":""},"class_list":["post-75","page","type-page","status-publish","has-post-thumbnail"],"_links":{"self":[{"href":"https:\/\/www.wip-cs.com\/cs\/wp-json\/wp\/v2\/pages\/75","targetHints":{"allow":["GET"]}}],"collection":[{"href":"https:\/\/www.wip-cs.com\/cs\/wp-json\/wp\/v2\/pages"}],"about":[{"href":"https:\/\/www.wip-cs.com\/cs\/wp-json\/wp\/v2\/types\/page"}],"author":[{"embeddable":true,"href":"https:\/\/www.wip-cs.com\/cs\/wp-json\/wp\/v2\/users\/1"}],"replies":[{"embeddable":true,"href":"https:\/\/www.wip-cs.com\/cs\/wp-json\/wp\/v2\/comments?post=75"}],"version-history":[{"count":12,"href":"https:\/\/www.wip-cs.com\/cs\/wp-json\/wp\/v2\/pages\/75\/revisions"}],"predecessor-version":[{"id":465,"href":"https:\/\/www.wip-cs.com\/cs\/wp-json\/wp\/v2\/pages\/75\/revisions\/465"}],"up":[{"embeddable":true,"href":"https:\/\/www.wip-cs.com\/cs\/wp-json\/wp\/v2\/pages\/19"}],"wp:featuredmedia":[{"embeddable":true,"href":"https:\/\/www.wip-cs.com\/cs\/wp-json\/wp\/v2\/media\/318"}],"wp:attachment":[{"href":"https:\/\/www.wip-cs.com\/cs\/wp-json\/wp\/v2\/media?parent=75"}],"curies":[{"name":"wp","href":"https:\/\/api.w.org\/{rel}","templated":true}]}}