{"id":81,"date":"2025-03-19T08:20:02","date_gmt":"2025-03-19T08:20:02","guid":{"rendered":"https:\/\/www.wip-cs.com\/topics\/"},"modified":"2025-03-25T10:47:02","modified_gmt":"2025-03-25T10:47:02","slug":"forum","status":"publish","type":"page","link":"https:\/\/www.wip-cs.com\/cs\/forum\/","title":{"rendered":"F\u00f3rum"},"content":{"rendered":"<h2 class=\"wp-block-heading\"><strong>P\u0159ipojte se k na\u0161emu odborn\u00e9mu diskusn\u00edmu f\u00f3ru o l\u00e9\u010db\u011b bolesti!<\/strong><\/h2>\n\n\n\n<p>Zveme odborn\u00edky z oblasti l\u00e9\u010dby bolesti k \u00fa\u010dasti na na\u0161em exkluzivn\u00edm diskusn\u00edm f\u00f3ru. Jedn\u00e1 se o jedine\u010dnou p\u0159\u00edle\u017eitost pod\u011blit se o sv\u00e9 post\u0159ehy, vym\u011bnit si n\u00e1zory a spolupracovat na l\u00e9\u010debn\u00fdch postupech s kolegy odborn\u00edky.&nbsp;<\/p>\n\n\n\n<p>Zapojujte se do smyslupln\u00fdch rozhovor\u016f, zkoumejte inovativn\u00ed p\u0159\u00edstupy a p\u0159isp\u00edvejte k rozvoji standard\u016f l\u00e9\u010dby bolesti.\u00a0<br><br><strong>Pro p\u0159\u00edstup do f\u00f3ra je nutn\u00e9 p\u0159ihl\u00e1\u0161en\u00ed<\/strong><\/p>\n\n\n\n<p>Chcete-li vstoupit do f\u00f3ra a \u00fa\u010dastnit se diskus\u00ed, p\u0159ihlaste se. Tento prostor je vyhrazen pro odborn\u00edky v oblasti l\u00e9\u010dby bolesti, kde m\u016f\u017eete sd\u00edlet sv\u00e9 poznatky, spolupracovat s kolegy a posouvat standardy l\u00e9\u010dby.<\/p>\n\n\n\n<p>Va\u0161e odborn\u00e9 znalosti jsou neoceniteln\u00e9 a spole\u010dn\u011b m\u016f\u017eeme zlep\u0161it p\u00e9\u010di o pacienty a jej\u00ed v\u00fdsledky. T\u011b\u0161\u00edme se na va\u0161i \u00fa\u010dast!<\/p>\n\n\n\n<p><br><article class=\"forum\"><div class=\"d-flex\"><div class=\"forum-date\"><p>20 <br><span>B\u0159e '25<\/span><\/p><\/div><div class=\"forum-content\"><a href=\"https:\/\/www.wip-cs.com\/cs\/discussion-topics\/back-pain-treatment-options\/\"><h2>Mo\u017enosti l\u00e9\u010dby bolesti zad<\/h2><\/a><p class=\"mb-0\">Chci se zeptat, jak byste \u0159e\u0161ili spin\u00e1ln\u00ed sten\u00f3zu u pacienta po endoskopick\u00e9 diskektomii.....<\/p><\/div><div class=\"forum-count\"><p>9 <br><span>Odpov\u011bdi<\/span><\/p><\/div><\/div><\/article><article class=\"forum\"><div class=\"d-flex\"><div class=\"forum-date\"><p>19 <br><span>B\u0159e '25<\/span><\/p><\/div><div class=\"forum-content\"><a href=\"https:\/\/www.wip-cs.com\/cs\/discussion-topics\/endoskopicka-operacia\/\"><h2>Mo\u017enosti l\u00e9\u010dby bolesti zad<\/h2><\/a><p class=\"mb-0\">Chci se zeptat, jak byste \u0159e\u0161ili spin\u00e1ln\u00ed sten\u00f3zu u pacienta po endoskopick\u00e9 diskektomii.....<\/p><\/div><div class=\"forum-count\"><p>5 <br><span>Odpov\u011bdi<\/span><\/p><\/div><\/div><\/article><br><\/p>","protected":false},"excerpt":{"rendered":"<p>Join Our Expert Discussion Forum on Pain Treatment! We invite specialists in the field of pain treatment to participate in our exclusive discussion forum. This is a unique opportunity to share insights, exchange thoughts, and collaborate on treatment procedures with fellow experts.&nbsp; Please engage in meaningful conversations, explore innovative approaches, and contribute to advancing the &#8230; <a title=\"Mo\u017enosti l\u00e9\u010dby bolesti zad\" class=\"read-more\" href=\"https:\/\/www.wip-cs.com\/cs\/discussion-topics\/endoskopicka-operacia\/\" aria-label=\"Read more about Back pain treatment options\">\u010c\u00edst d\u00e1l<\/a><\/p>","protected":false},"author":1,"featured_media":0,"parent":0,"menu_order":0,"comment_status":"closed","ping_status":"closed","template":"page-forum.php","meta":{"footnotes":""},"class_list":["post-81","page","type-page","status-publish","hentry"],"_links":{"self":[{"href":"https:\/\/www.wip-cs.com\/cs\/wp-json\/wp\/v2\/pages\/81","targetHints":{"allow":["GET"]}}],"collection":[{"href":"https:\/\/www.wip-cs.com\/cs\/wp-json\/wp\/v2\/pages"}],"about":[{"href":"https:\/\/www.wip-cs.com\/cs\/wp-json\/wp\/v2\/types\/page"}],"author":[{"embeddable":true,"href":"https:\/\/www.wip-cs.com\/cs\/wp-json\/wp\/v2\/users\/1"}],"replies":[{"embeddable":true,"href":"https:\/\/www.wip-cs.com\/cs\/wp-json\/wp\/v2\/comments?post=81"}],"version-history":[{"count":19,"href":"https:\/\/www.wip-cs.com\/cs\/wp-json\/wp\/v2\/pages\/81\/revisions"}],"predecessor-version":[{"id":195,"href":"https:\/\/www.wip-cs.com\/cs\/wp-json\/wp\/v2\/pages\/81\/revisions\/195"}],"wp:attachment":[{"href":"https:\/\/www.wip-cs.com\/cs\/wp-json\/wp\/v2\/media?parent=81"}],"curies":[{"name":"wp","href":"https:\/\/api.w.org\/{rel}","templated":true}]}}