{"id":139,"date":"2025-03-24T08:38:45","date_gmt":"2025-03-24T08:38:45","guid":{"rendered":"https:\/\/www.wip-cs.com\/?page_id=139"},"modified":"2025-03-26T12:50:13","modified_gmt":"2025-03-26T12:50:13","slug":"wip-membership","status":"publish","type":"page","link":"https:\/\/www.wip-cs.com\/sk\/membership\/wip-membership\/","title":{"rendered":"WIP \u010dlenstvo"},"content":{"rendered":"<p>Svetov\u00fd in\u0161tit\u00fat bolesti (WIP) m\u00e1 jedine\u010dn\u00fa poz\u00edciu na plnenie svojho charitat\u00edvneho a vzdel\u00e1vacieho poslania a cie\u013eov prostredn\u00edctvom svojich medzin\u00e1rodn\u00fdch sekci\u00ed. Organiz\u00e1cia vyz\u00fdva v\u0161etk\u00fdch \u010dlenov sekci\u00ed, aby propagovali \u010dlenstvo vo WIP medzi kolegami vo svojich krajin\u00e1ch a v celej svojej sekcii. Lek\u00e1ri zaoberaj\u00faci sa lie\u010dbou bolesti, ktor\u00ed sa rozhodn\u00fa by\u0165 \u010dlenmi WIP, m\u00f4\u017eu spolo\u010dne presadzova\u0165 z\u00e1ujmy medic\u00edny bolesti prostredn\u00edctvom celosvetovej siete organiz\u00e1cie.<\/p>\n\n\n\n<p>Prostredn\u00edctvom \u010dlenstva vo WIP sa najlep\u0161ie posil\u0148uj\u00fa hlasy a \u00fasilie lek\u00e1rov zaoberaj\u00facich sa boles\u0165ou na celom svete, zlep\u0161uj\u00fa sa mo\u017enosti vzdel\u00e1vac\u00edch a vedeck\u00fdch programov \u0161pecifick\u00fdch pre prax bolesti a podporuje sa uznanie medic\u00edny bolesti ako \u0161pecializ\u00e1cie na celom svete.<\/p>\n\n\n\n<p>WIP ako neziskov\u00e1, verejnoprospe\u0161n\u00e1 spolo\u010dnos\u0165 s pote\u0161en\u00edm pon\u00faka svojej sieti \u010dlenov tieto v\u00fdhody s pridanou hodnotou. \u010clenstvo vo WIP je 195 USD ro\u010dne pre jednotlivcov a 100 USD ro\u010dne pre \u010dlenov z kraj\u00edn s ni\u017e\u0161\u00edmi a stredn\u00fdmi pr\u00edjmami pod\u013ea zoznamu Svetovej banky.<\/p>\n\n\n\n<h2 class=\"wp-block-heading\">Podmienky pre riadnych \u010dlenov WIPP\u00ae<\/h2>\n\n\n\n<ul class=\"wp-block-list\">\n<li>Mo\u017enos\u0165 pracova\u0165 v rad\u00e1ch a v\u00fdboroch WIP<\/li>\n\n\n\n<li>Mo\u017enos\u0165 voli\u0165 funkcion\u00e1rov sekcie WIP a vykon\u00e1va\u0165 funkciu funkcion\u00e1ra sekcie WIP<\/li>\n\n\n\n<li>Pr\u00edstup k digit\u00e1lnemu predplatn\u00e9mu PAIN Practice, ofici\u00e1lneho \u010dasopisu Svetov\u00e9ho in\u0161tit\u00fatu pre boles\u0165, vr\u00e1tane mobilnej aplik\u00e1cie (k dispoz\u00edcii s\u00fa verzie pre Apple a Android)<\/li>\n\n\n\n<li>Zn\u00ed\u017een\u00e9 registra\u010dn\u00e9 poplatky na ofici\u00e1lne konferencie a workshopy WIP (okrem in\u00e9ho vr\u00e1tane v\u00fdro\u010dn\u00fdch konferenci\u00ed a workshopov o interven\u010dnej bolesti v Miami, USA a Budape\u0161ti, Ma\u010farsko) (priemern\u00e1 hodnota: 250 USD na podujatie).<\/li>\n\n\n\n<li>Zv\u00fdhodnen\u00e1 registr\u00e1cia na svetov\u00fd kongres WIP, ktor\u00fd sa kon\u00e1 ka\u017ed\u00e9 dva roky. (Priemern\u00e1 hodnota: 200 USD)<\/li>\n\n\n\n<li>Zv\u00fdhodnen\u00fd n\u00e1kup DVD s interven\u010dn\u00fdmi technikami bolesti (a\u017e 50 % z\u013eava zo sady 5 kusov).<\/li>\n\n\n\n<li>Mo\u017enos\u0165 nadviaza\u0165 profesion\u00e1lne kontakty s odborn\u00edkmi na boles\u0165 na celom svete a prispie\u0165 k rozvoju medic\u00edny bolesti ako glob\u00e1lnej \u0161pecializ\u00e1cie.<\/li>\n<\/ul>\n\n\n\n<h2 class=\"wp-block-heading\">WIP Associate Member<\/h2>\n\n\n\n<p>Approved applicants for FIPP\u00ae or CIPS certification are granted complimentary access to the WIP interventional pain techniques web-streamed videos (a benefit valued at over $800).<\/p>\n\n\n\n<ul class=\"wp-block-list\">\n<li>Discounts of up to 50% are available for the purchase of a set of five interventional pain techniques DVDs for those who prefer to own the discs.<\/li>\n\n\n\n<li>In addition, digital subscriptions to PAIN Practice, the official journal of the World Institute of Pain, including mobile app versions for both Apple and Android devices, are available at a discounted rate.Furthermore, members receive significant discounts on registration fees for official WIP conferences and workshops, including but not limited to the Annual Interventional Pain Conferences and Workshops in Miami, USA and Budapest, Hungary. In addition to these benefits, members also receive discounted registration fees for the biennial WIP World Congress.<\/li>\n\n\n\n<li>The programme also facilitates professional networking opportunities with pain specialists worldwide, allowing for contributions to the advancement of pain medicine as a global specialty.<\/li>\n<\/ul>\n\n\n\n<div class=\"wp-block-buttons is-layout-flex wp-block-buttons-is-layout-flex\">\n<div class=\"wp-block-button\"><a class=\"wp-block-button__link wp-element-button\" href=\"https:\/\/www.worldinstituteofpain.org\/membership-benefits\/\">World Institute of Pain regular membership<\/a><\/div>\n<\/div>\n\n\n\n<p><\/p>","protected":false},"excerpt":{"rendered":"<p>The World Institute of Pain (WIP) is uniquely positioned to fulfil its charitable and educational mission and aims through its international Sections. The organisation encourages all Section members to promote membership in WIP among colleagues in their respective countries and throughout their Section. Collectively, the pain physicians who choose to be members of WIP are &#8230; <a title=\"WIP \u010dlenstvo\" class=\"read-more\" href=\"https:\/\/www.wip-cs.com\/sk\/membership\/wip-membership\/\" aria-label=\"Pre\u010d\u00edtajte si viac o WIP membership\">\u010c\u00edta\u0165 viac<\/a><\/p>","protected":false},"author":1,"featured_media":279,"parent":30,"menu_order":0,"comment_status":"closed","ping_status":"closed","template":"page.php","meta":{"footnotes":""},"class_list":["post-139","page","type-page","status-publish","has-post-thumbnail"],"_links":{"self":[{"href":"https:\/\/www.wip-cs.com\/sk\/wp-json\/wp\/v2\/pages\/139","targetHints":{"allow":["GET"]}}],"collection":[{"href":"https:\/\/www.wip-cs.com\/sk\/wp-json\/wp\/v2\/pages"}],"about":[{"href":"https:\/\/www.wip-cs.com\/sk\/wp-json\/wp\/v2\/types\/page"}],"author":[{"embeddable":true,"href":"https:\/\/www.wip-cs.com\/sk\/wp-json\/wp\/v2\/users\/1"}],"replies":[{"embeddable":true,"href":"https:\/\/www.wip-cs.com\/sk\/wp-json\/wp\/v2\/comments?post=139"}],"version-history":[{"count":6,"href":"https:\/\/www.wip-cs.com\/sk\/wp-json\/wp\/v2\/pages\/139\/revisions"}],"predecessor-version":[{"id":272,"href":"https:\/\/www.wip-cs.com\/sk\/wp-json\/wp\/v2\/pages\/139\/revisions\/272"}],"up":[{"embeddable":true,"href":"https:\/\/www.wip-cs.com\/sk\/wp-json\/wp\/v2\/pages\/30"}],"wp:featuredmedia":[{"embeddable":true,"href":"https:\/\/www.wip-cs.com\/sk\/wp-json\/wp\/v2\/media\/279"}],"wp:attachment":[{"href":"https:\/\/www.wip-cs.com\/sk\/wp-json\/wp\/v2\/media?parent=139"}],"curies":[{"name":"wp","href":"https:\/\/api.w.org\/{rel}","templated":true}]}}