{"id":142,"date":"2025-03-24T08:39:40","date_gmt":"2025-03-24T08:39:40","guid":{"rendered":"https:\/\/www.wip-cs.com\/?page_id=142"},"modified":"2025-03-26T18:11:02","modified_gmt":"2025-03-26T18:11:02","slug":"wip-cs-membership","status":"publish","type":"page","link":"https:\/\/www.wip-cs.com\/sk\/membership\/wip-cs-membership\/","title":{"rendered":"Svetov\u00fd in\u0161tit\u00fat bolesti - \u010dlenstvo v \u010desko-slovenskej sekcii"},"content":{"rendered":"<h2 class=\"wp-block-heading\">St\u00e1ly \u010dlen WIP-CS<\/h2>\n\n\n\n<ul class=\"wp-block-list\">\n<li>Mo\u017enos\u0165 pracova\u0165 v rad\u00e1ch a v\u00fdboroch WIP<\/li>\n\n\n\n<li>Mo\u017enos\u0165 voli\u0165 funkcion\u00e1rov sekcie WIP a vykon\u00e1va\u0165 funkciu funkcion\u00e1ra sekcie WIP<\/li>\n\n\n\n<li>Pr\u00edstup k digit\u00e1lnemu predplatn\u00e9mu PAIN Practice, ofici\u00e1lneho \u010dasopisu Svetov\u00e9ho in\u0161tit\u00fatu pre boles\u0165, vr\u00e1tane mobilnej aplik\u00e1cie (k dispoz\u00edcii s\u00fa verzie pre Apple a Android)<\/li>\n\n\n\n<li>Zn\u00ed\u017een\u00e9 registra\u010dn\u00e9 poplatky na ofici\u00e1lne konferencie a workshopy WIP (okrem in\u00e9ho vr\u00e1tane v\u00fdro\u010dn\u00fdch konferenci\u00ed a workshopov o interven\u010dnej bolesti v Miami, USA a Budape\u0161ti, Ma\u010farsko) (priemern\u00e1 hodnota: 250 USD na podujatie).<\/li>\n\n\n\n<li>Zv\u00fdhodnen\u00e1 registr\u00e1cia na svetov\u00fd kongres WIP, ktor\u00fd sa kon\u00e1 ka\u017ed\u00e9 dva roky. (Priemern\u00e1 hodnota: 200 USD)<\/li>\n\n\n\n<li>Zv\u00fdhodnen\u00fd n\u00e1kup DVD s interven\u010dn\u00fdmi technikami bolesti (a\u017e 50 % z\u013eava zo sady 5 kusov).<\/li>\n\n\n\n<li>Mo\u017enos\u0165 nadviaza\u0165 profesion\u00e1lne kontakty s odborn\u00edkmi na boles\u0165 na celom svete a prispie\u0165 k rozvoju medic\u00edny bolesti ako glob\u00e1lnej \u0161pecializ\u00e1cie.<\/li>\n<\/ul>\n\n\n\n<h3 class=\"wp-block-heading\">Sta\u0148te sa \u010dlenom<\/h3>\n\n\n\n<p class=\"btn btn-primary\"><a href=\"https:\/\/www.wip-cs.com\/sk\/medical-professional-registration-form\/\" data-type=\"page\" data-id=\"145\">Registra\u010dn\u00fd formul\u00e1r pre lek\u00e1rov<\/a><\/p>\n\n\n\n<p>Ak sa pri registr\u00e1cii stretnete s ak\u00fdmiko\u013evek \u0165a\u017ekos\u0165ami alebo ak potrebujete \u010fal\u0161ie inform\u00e1cie, nev\u00e1hajte n\u00e1s kontaktova\u0165.<\/p>\n\n\n\n<p class=\"btn btn-primary\"><a href=\"mailto:membership@wip-cs.com\">membership@wip-cs.com<\/a><\/p>\n\n\n\n<h2 class=\"wp-block-heading\">Asociovan\u00fd \u010dlen WIP-CS<\/h2>\n\n\n\n<p>\u0160tat\u00fat pridru\u017een\u00e9ho \u010dlena WIP-CS sa vyu\u017e\u00edva na poskytovanie pomoci a podpory lek\u00e1rovi s cie\u013eom u\u013eah\u010di\u0165 z\u00edskanie pln\u00e9ho \u010dlenstva vo WIP a titulu FIPP.<br><br>Schv\u00e1len\u00ed \u017eiadatelia o pridru\u017een\u00e9 \u010dlenstvo WIP-CS z\u00edskaj\u00fa \u010dasovo obmedzen\u00fd pr\u00edstup k webov\u00fdm vide\u00e1m WIP-CS o technik\u00e1ch intervencie proti bolesti. Schv\u00e1len\u00ed \u017eiadatelia z\u00edskaj\u00fa v\u00fdrazn\u00e9 z\u013eavy z registra\u010dn\u00fdch poplatkov na ofici\u00e1lne konferencie a semin\u00e1re podporovan\u00e9 WIP-CS.<\/p>\n\n\n\n<p>Program tie\u017e umo\u017e\u0148uje nadv\u00e4zovanie profesion\u00e1lnych kontaktov s odborn\u00edkmi na boles\u0165 v Eur\u00f3pe, \u010do v\u00e1m umo\u017en\u00ed prispie\u0165 k rozvoju medic\u00edny bolesti ako \u0161pecializ\u00e1cie.<\/p>\n\n\n\n<p><\/p>","protected":false},"excerpt":{"rendered":"<p>WIP-CS regular member Become a member Medical Professional Registration Form If you encounter any difficulties with the registration process or if you require further information, please do not hesitate to get in touch with us. membership@wip-cs.com WIP-CS Associate Member The status of WIP-CS associate member is utilised to provide assistance and support to the physician &#8230; <a title=\"World Institute of Pain &#8211; Czech Slovak section membership\" class=\"read-more\" href=\"https:\/\/www.wip-cs.com\/sk\/membership\/wip-cs-membership\/\" aria-label=\"Pre\u010d\u00edtajte si viac o World Institute of Pain &#8211; Czech Slovak section membership\">\u010c\u00edta\u0165 viac<\/a><\/p>","protected":false},"author":1,"featured_media":285,"parent":30,"menu_order":0,"comment_status":"closed","ping_status":"closed","template":"page.php","meta":{"footnotes":""},"class_list":["post-142","page","type-page","status-publish","has-post-thumbnail"],"_links":{"self":[{"href":"https:\/\/www.wip-cs.com\/sk\/wp-json\/wp\/v2\/pages\/142","targetHints":{"allow":["GET"]}}],"collection":[{"href":"https:\/\/www.wip-cs.com\/sk\/wp-json\/wp\/v2\/pages"}],"about":[{"href":"https:\/\/www.wip-cs.com\/sk\/wp-json\/wp\/v2\/types\/page"}],"author":[{"embeddable":true,"href":"https:\/\/www.wip-cs.com\/sk\/wp-json\/wp\/v2\/users\/1"}],"replies":[{"embeddable":true,"href":"https:\/\/www.wip-cs.com\/sk\/wp-json\/wp\/v2\/comments?post=142"}],"version-history":[{"count":14,"href":"https:\/\/www.wip-cs.com\/sk\/wp-json\/wp\/v2\/pages\/142\/revisions"}],"predecessor-version":[{"id":341,"href":"https:\/\/www.wip-cs.com\/sk\/wp-json\/wp\/v2\/pages\/142\/revisions\/341"}],"up":[{"embeddable":true,"href":"https:\/\/www.wip-cs.com\/sk\/wp-json\/wp\/v2\/pages\/30"}],"wp:featuredmedia":[{"embeddable":true,"href":"https:\/\/www.wip-cs.com\/sk\/wp-json\/wp\/v2\/media\/285"}],"wp:attachment":[{"href":"https:\/\/www.wip-cs.com\/sk\/wp-json\/wp\/v2\/media?parent=142"}],"curies":[{"name":"wp","href":"https:\/\/api.w.org\/{rel}","templated":true}]}}