{"id":22,"date":"2025-03-17T10:52:05","date_gmt":"2025-03-17T10:52:05","guid":{"rendered":"https:\/\/www.wip-cs.com\/?page_id=22"},"modified":"2025-03-26T13:45:28","modified_gmt":"2025-03-26T13:45:28","slug":"cooperation","status":"publish","type":"page","link":"https:\/\/www.wip-cs.com\/sk\/cooperation\/","title":{"rendered":"Spolupr\u00e1ca"},"content":{"rendered":"<h2 class=\"wp-block-heading\">Akt\u00edvna spolupr\u00e1ca s dom\u00e1cimi a medzin\u00e1rodn\u00fdmi spolo\u010dnos\u0165ami<\/h2>\n\n\n\n<p>Hlavn\u00fdm cie\u013eom \u010desko-slovenskej sekcie WIP je vytvori\u0165 platformu spolupr\u00e1ce, ktor\u00e1 u\u013eah\u010d\u00ed spolupr\u00e1cu v ot\u00e1zkach t\u00fdkaj\u00facich sa spolo\u010dn\u00fdch vedeck\u00fdch poznatkov. <\/p>\n\n\n\n<p>Cie\u013eom sekcie je zahrn\u00fa\u0165 perspekt\u00edvy, ciele a a\u0161pir\u00e1cie v\u0161etk\u00fdch relevantn\u00fdch zdravotn\u00edckych profesijn\u00fdch organiz\u00e1ci\u00ed a skup\u00edn pacientov, ktor\u00e9 maj\u00fa podstatn\u00fd z\u00e1ujem na zmiernen\u00ed bolesti.<\/p>\n\n\n\n<p>Sekcia sa sna\u017e\u00ed vyjadri\u0165 jednotn\u00fd postoj k ot\u00e1zkam t\u00fdkaj\u00facim sa vzdel\u00e1vania v oblasti bolesti, v\u00fdskumu, propag\u00e1cie a noriem na eur\u00f3pskej \u00farovni. \u010cesko-slovensk\u00e1 sekcia Svetov\u00e9ho in\u0161tit\u00fatu bolesti p\u00f4sob\u00ed nez\u00e1visle od komer\u010dn\u00e9ho a korpor\u00e1tneho financovania zo strany priemyslu a zachov\u00e1va si nestrann\u00fd postoj.<\/p>\n\n\n\n<p> \u010cesko-slovensk\u00fd svetov\u00fd in\u0161tit\u00fat bolesti je otvoren\u00fd spolupr\u00e1ci s vedeck\u00fdmi spolo\u010dnos\u0165ami, ktor\u00e9 s\u00fa v s\u00falade s jeho z\u00e1sadami a prejavuj\u00fa z\u00e1ujem o spolo\u010dn\u00e9 vedeck\u00e9 a vzdel\u00e1vacie aktivity v oblasti bolesti.<\/p>\n\n\n\n<h2 class=\"wp-block-heading\">Dom\u00e1ce odborn\u00e9 spolo\u010dnosti<\/h2>\n\n\n\n<p><a href=\"http:\/\/www.pain.sk\">www.pain.sk<\/a><\/p>\n\n\n\n<p><a href=\"http:\/\/www.sslb.cz\">www.sslb.cz<\/a><\/p>\n\n\n\n<h2 class=\"wp-block-heading\">Medzin\u00e1rodn\u00e9 odborn\u00e9 spolo\u010dnosti<\/h2>\n\n\n\n<p><a href=\"https:\/\/www.worldinstituteofpain.org\">https:\/\/www.worldinstituteofpain.org<\/a><\/p>\n\n\n\n<p><\/p>","protected":false},"excerpt":{"rendered":"<p>Active cooperation with domestic and international companies The overarching objective of the Czech-Slovak WIP Section is to establish a collaborative platform that facilitates cooperation on matters pertaining to shared scientific knowledge. The Section aims to incorporate the perspectives, objectives and aspirations of all pertinent healthcare professional organisations and patient groups with a substantial interest in &#8230; <a title=\"Spolupr\u00e1ca\" class=\"read-more\" href=\"https:\/\/www.wip-cs.com\/sk\/cooperation\/\" aria-label=\"Pre\u010d\u00edtajte si viac o Cooperation\">\u010c\u00edta\u0165 viac<\/a><\/p>","protected":false},"author":1,"featured_media":320,"parent":0,"menu_order":0,"comment_status":"closed","ping_status":"closed","template":"page.php","meta":{"footnotes":""},"class_list":["post-22","page","type-page","status-publish","has-post-thumbnail"],"_links":{"self":[{"href":"https:\/\/www.wip-cs.com\/sk\/wp-json\/wp\/v2\/pages\/22","targetHints":{"allow":["GET"]}}],"collection":[{"href":"https:\/\/www.wip-cs.com\/sk\/wp-json\/wp\/v2\/pages"}],"about":[{"href":"https:\/\/www.wip-cs.com\/sk\/wp-json\/wp\/v2\/types\/page"}],"author":[{"embeddable":true,"href":"https:\/\/www.wip-cs.com\/sk\/wp-json\/wp\/v2\/users\/1"}],"replies":[{"embeddable":true,"href":"https:\/\/www.wip-cs.com\/sk\/wp-json\/wp\/v2\/comments?post=22"}],"version-history":[{"count":9,"href":"https:\/\/www.wip-cs.com\/sk\/wp-json\/wp\/v2\/pages\/22\/revisions"}],"predecessor-version":[{"id":319,"href":"https:\/\/www.wip-cs.com\/sk\/wp-json\/wp\/v2\/pages\/22\/revisions\/319"}],"wp:featuredmedia":[{"embeddable":true,"href":"https:\/\/www.wip-cs.com\/sk\/wp-json\/wp\/v2\/media\/320"}],"wp:attachment":[{"href":"https:\/\/www.wip-cs.com\/sk\/wp-json\/wp\/v2\/media?parent=22"}],"curies":[{"name":"wp","href":"https:\/\/api.w.org\/{rel}","templated":true}]}}