{"id":30,"date":"2025-03-17T10:52:40","date_gmt":"2025-03-17T10:52:40","guid":{"rendered":"https:\/\/www.wip-cs.com\/?page_id=30"},"modified":"2025-03-26T12:48:20","modified_gmt":"2025-03-26T12:48:20","slug":"membership","status":"publish","type":"page","link":"https:\/\/www.wip-cs.com\/sk\/membership\/","title":{"rendered":"\u010clenstvo"},"content":{"rendered":"<p>S pote\u0161en\u00edm v\u00e1m pon\u00fakame dva typy \u010dlenstva:<\/p>\n\n\n\n<h2 class=\"wp-block-heading\">1. \u010clenstvo vo Svetovom in\u0161tit\u00fate bolesti (WIP)<\/h2>\n\n\n\n<p>Toto \u010dlenstvo je s\u00fa\u010das\u0165ou celosvetovej organiz\u00e1cie World Institute of Pain. \u010clenovia z\u00edskaj\u00fa pr\u00edstup k medzin\u00e1rodn\u00fdm zdrojom, v\u00fdskumu a mo\u017enostiam nadv\u00e4zovania kontaktov, \u010do prispeje k ich profesion\u00e1lnemu rastu a odbornosti v oblasti lie\u010dby bolesti.<\/p>\n\n\n\n<div class=\"wp-block-buttons is-layout-flex wp-block-buttons-is-layout-flex\">\n<div class=\"wp-block-button\"><a class=\"wp-block-button__link wp-element-button\" href=\"https:\/\/www.wip-cs.com\/sk\/membership\/wip-membership\/\">WIP \u010dlenstvo<\/a><\/div>\n<\/div>\n\n\n\n<h2 class=\"wp-block-heading\">2. \u010clenstvo v \u010deskej a slovenskej sekcii Svetov\u00e9ho in\u0161tit\u00fatu bolesti<\/h2>\n\n\n\n<p>Toto region\u00e1lne \u010dlenstvo je ur\u010den\u00e9 na podporu vzdel\u00e1vania v oblasti lie\u010dby bolesti v \u010ceskej republike a na Slovensku. Sl\u00fa\u017ei ako v\u00fdborn\u00fd \u00favod do Svetov\u00e9ho in\u0161tit\u00fatu bolesti a pripravuje \u010dlenov na plnohodnotn\u00e9 \u010dlenstvo v medzin\u00e1rodnej organiz\u00e1cii. Okrem toho toto \u010dlenstvo poskytuje cestu k z\u00edskaniu prest\u00ed\u017eneho&nbsp;<strong>Fellowship in Interventional Pain Practice (FIPP)<\/strong>&nbsp;lek\u00e1rsky titul.<\/p>\n\n\n\n<div class=\"wp-block-buttons is-layout-flex wp-block-buttons-is-layout-flex\">\n<div class=\"wp-block-button\"><a class=\"wp-block-button__link wp-element-button\" href=\"https:\/\/www.wip-cs.com\/sk\/membership\/wip-cs-membership\/\">WIP - \u010dlensko v \u010ceskej a Slovenskej sekcii<\/a><\/div>\n<\/div>\n\n\n\n<p>Obe \u010dlenstv\u00e1 pon\u00fakaj\u00fa neocenite\u013en\u00e9 zdroje a mo\u017enosti vzdel\u00e1vania, ktor\u00e9 \u010dlenom umo\u017e\u0148uj\u00fa napredova\u0165 v oblasti lie\u010dby bolesti, roz\u0161irova\u0165 svoje profesion\u00e1lne siete a v kone\u010dnom d\u00f4sledku prispieva\u0165 k zlep\u0161eniu starostlivosti o pacientov.<\/p>\n\n\n\n<p><\/p>","protected":false},"excerpt":{"rendered":"<p>We are pleased to present two types of membership opportunities: 1. World Institute of Pain (WIP) Membership This membership is part of the global organization, the World Institute of Pain. Members will gain access to international resources, research, and networking opportunities, contributing to their professional growth and expertise in the field of pain management. 2. &#8230; <a title=\"\u010clenstvo\" class=\"read-more\" href=\"https:\/\/www.wip-cs.com\/sk\/membership\/\" aria-label=\"Pre\u010d\u00edtajte si viac o Membership\">\u010c\u00edta\u0165 viac<\/a><\/p>","protected":false},"author":1,"featured_media":276,"parent":0,"menu_order":0,"comment_status":"closed","ping_status":"closed","template":"","meta":{"footnotes":""},"class_list":["post-30","page","type-page","status-publish","has-post-thumbnail"],"_links":{"self":[{"href":"https:\/\/www.wip-cs.com\/sk\/wp-json\/wp\/v2\/pages\/30","targetHints":{"allow":["GET"]}}],"collection":[{"href":"https:\/\/www.wip-cs.com\/sk\/wp-json\/wp\/v2\/pages"}],"about":[{"href":"https:\/\/www.wip-cs.com\/sk\/wp-json\/wp\/v2\/types\/page"}],"author":[{"embeddable":true,"href":"https:\/\/www.wip-cs.com\/sk\/wp-json\/wp\/v2\/users\/1"}],"replies":[{"embeddable":true,"href":"https:\/\/www.wip-cs.com\/sk\/wp-json\/wp\/v2\/comments?post=30"}],"version-history":[{"count":27,"href":"https:\/\/www.wip-cs.com\/sk\/wp-json\/wp\/v2\/pages\/30\/revisions"}],"predecessor-version":[{"id":277,"href":"https:\/\/www.wip-cs.com\/sk\/wp-json\/wp\/v2\/pages\/30\/revisions\/277"}],"wp:featuredmedia":[{"embeddable":true,"href":"https:\/\/www.wip-cs.com\/sk\/wp-json\/wp\/v2\/media\/276"}],"wp:attachment":[{"href":"https:\/\/www.wip-cs.com\/sk\/wp-json\/wp\/v2\/media?parent=30"}],"curies":[{"name":"wp","href":"https:\/\/api.w.org\/{rel}","templated":true}]}}