{"id":75,"date":"2025-03-18T14:29:19","date_gmt":"2025-03-18T14:29:19","guid":{"rendered":"https:\/\/www.wip-cs.com\/?page_id=75"},"modified":"2025-04-10T18:31:12","modified_gmt":"2025-04-10T18:31:12","slug":"czech-and-slovak-wip-section","status":"publish","type":"page","link":"https:\/\/www.wip-cs.com\/sk\/about-wip\/czech-and-slovak-wip-section\/","title":{"rendered":"\u010cesko-slovensk\u00e1 sekcia Svetov\u00e9ho in\u0161tit\u00fatu bolesti (WIP-CS)"},"content":{"rendered":"<p>\u010cesko-slovensk\u00e1 sekcia Svetov\u00e9ho in\u0161tit\u00fatu bolesti (WIP-CS) je ved\u00facou region\u00e1lnou organiz\u00e1ciou podporuj\u00facou \u0161t\u00fadium a prax v oblasti bolesti a jej zmier\u0148ovania. WIP-CS zdru\u017euje lek\u00e1rov, poskytovate\u013eov zdravotnej starostlivosti, v\u00fdskumn\u00edkov a tvorcov zdravotn\u00edckej praxe, ktor\u00ed sa sna\u017eia nap\u013a\u0148a\u0165 jej poslanie prin\u00e1\u0161a\u0165 \u00fa\u013eavu t\u00fdm, ktor\u00ed trpia boles\u0165ou.<\/p>\n\n\n\n<h2 class=\"wp-block-heading\">WIP CS - Rada<\/h2>\n\n\n\n<p>Predseda<br><strong>Robert Rapcan MD, FIPP, MBA, PhD.<\/strong><\/p>\n\n\n\n<p>Podpredseda<br><strong>Michal Matias MD, FIPP<\/strong><\/p>\n\n\n\n<p>Sekret\u00e1r<br><strong>Juraj Mlaka MD, FIPP, EDRA<\/strong><\/p>\n\n\n\n<p>Pokladn\u00edk<br><strong>Martin Griger MD, FIPP, DESA, PhD.<\/strong><\/p>\n\n\n\n<div style=\"height:30px\" aria-hidden=\"true\" class=\"wp-block-spacer\"><\/div>\n\n\n\n<h2 class=\"wp-block-heading\">Ciele \u010cesko-Slovenskej sekcie WIP<\/h2>\n\n\n\n<div style=\"height:20px\" aria-hidden=\"true\" class=\"wp-block-spacer\"><\/div>\n\n\n\n<h3 class=\"wp-block-heading\">Ciele \u010desko-slovenskej sekcie WIP s\u00fa nasleduj\u00face<\/h3>\n\n\n\n<ul class=\"wp-block-list\">\n<li>Zlep\u0161i\u0165 v\u00fdskum, vzdel\u00e1vanie a klinick\u00fa lie\u010dbu bolesti a sl\u00fa\u017ei\u0165 ako autoritat\u00edvny, vedecky podlo\u017een\u00fd zdroj inform\u00e1ci\u00ed o ot\u00e1zkach s\u00favisiacich s boles\u0165ou a jej lie\u010dbou.<\/li>\n\n\n\n<li>Podporova\u0165 multidisciplin\u00e1rnu a multiprofesn\u00fa lie\u010dbu bolesti a biopsychosoci\u00e1lny model bolesti.<\/li>\n\n\n\n<li>Roz\u0161\u00edri\u0165 ch\u00e1panie a poznanie mechanizmov bolesti, charakterist\u00edk bolesti, diagnostiky bolestiv\u00fdch stavov, vplyvu bolesti na jednotlivca a spolo\u010dnos\u0165 a lie\u010dby bolesti.<\/li>\n\n\n\n<li>Podporova\u0165 pr\u00e1cu svojich \u010dlenov pri dosahovan\u00ed t\u00fdchto cie\u013eov.<\/li>\n<\/ul>\n\n\n\n<h3 class=\"wp-block-heading\">WIP-CS d\u00fafa, \u017ee tieto ciele dosiahne prostredn\u00edctvom t\u00fdchto \u010dinnost\u00ed<\/h3>\n\n\n\n<ul class=\"wp-block-list\">\n<li>Rozvoj vzdel\u00e1vac\u00edch programov na zlep\u0161enie vedomost\u00ed o bolesti medzi zdravotn\u00edckymi pracovn\u00edkmi a v\u00fdskumn\u00edkmi.<\/li>\n\n\n\n<li>Zvy\u0161ovanie povedomia pacientov a \u0161irokej verejnosti o v\u00fdzname bolesti vr\u00e1tane jej lie\u010dby a prevencie.<\/li>\n\n\n\n<li>Kampane za zlep\u0161enie polit\u00edk, ktor\u00e9 ovplyv\u0148uj\u00fa boles\u0165, a za zv\u00fd\u0161enie financovania bolesti vo verejn\u00fdch v\u00fdskumn\u00fdch programoch.<\/li>\n\n\n\n<li>Podpora vedeck\u00e9ho kongresu a semin\u00e1rov o bolesti, na ktor\u00fdch sa predstav\u00ed najnov\u0161\u00ed v\u00fdskum a pr\u00edstupy ku klinickej lie\u010dbe.<\/li>\n\n\n\n<li>Publikovanie vedeck\u00fdch \u010dl\u00e1nkov s cie\u013eom \u0161\u00edri\u0165 najnov\u0161ie v\u00fdsledky v\u00fdskumu a pr\u00edstup k medic\u00edne bolesti zalo\u017een\u00fd na d\u00f4kazoch.<\/li>\n\n\n\n<li>Creating and disseminating evidence-based guidance for clinicians.<\/li>\n<\/ul>\n\n\n\n<h2 class=\"wp-block-heading\">S\u00fa\u010dasn\u00ed \u010dlenovia \u010deskej a slovenskej sekcie World Institute of Pain<\/h2>\n\n\n\n<p><\/p>\n\n\n\n<h3 class=\"wp-block-heading\">Robert Rapcan MD, FIPP, MBA, PhD<\/h3>\n\n\n\n<p><strong>Predseda WIP-CS<\/strong><\/p>\n\n\n\n<p>Robert Rap\u010dan, MD, FIPP, MBA, PhD, je popredn\u00fdm eur\u00f3pskym \u0161pecialistom na minim\u00e1lne invaz\u00edvnu a endoskopick\u00fa lie\u010dbu chrbta s certifik\u00e1tom zo \u0160v\u00e9dska, Ve\u013ekej Brit\u00e1nie, N\u00f3rska, Slovenska a \u010ceskej republiky. Dr. Rapcan je zakladate\u013eom Interventional Pain Academy.<\/p>\n\n\n\n<p>Dr. Rap\u010dan dlhodobo udr\u017eiava trend zav\u00e1dzania inovat\u00edvnych lie\u010debn\u00fdch met\u00f3d a techn\u00edk, \u0161peci\u00e1lnych metod\u00edk a najnov\u0161\u00edch technol\u00f3gi\u00ed zdravotn\u00edckych pom\u00f4cok do klinickej praxe na v\u0161etk\u00fdch pracovisk\u00e1ch EuroPainClinics. Ako odborn\u00fd lek\u00e1rsky garant sa podie\u013ea na formovan\u00ed v\u00edzie a strat\u00e9gie EuroPainClinics<\/p>\n\n\n\n<p>V roku 2013 ako prv\u00fd lek\u00e1r zo Slovenska splnil odborn\u00e9 krit\u00e9ri\u00e1 na udelenie titulu FIPP (Fellow of Interventional Pain Practice) Svetov\u00e9ho in\u0161tit\u00fatu bolesti (WIP), ktor\u00fd deklaruje odborn\u00fa sp\u00f4sobilos\u0165 lek\u00e1ra v interven\u010dn\u00fdch technik\u00e1ch lie\u010dby bolesti. O tri roky nesk\u00f4r bol vymenovan\u00fd do funkcie sk\u00fa\u0161aj\u00faceho FIPP - \u010dlena sk\u00fa\u0161obnej komisie FIPP a sk\u00fa\u0161aj\u00faceho medzin\u00e1rodn\u00fdch sk\u00fa\u0161ok FIPP. Od roku 2019 je \u010dlenom poradn\u00e9ho v\u00fdboru PainCast, medzin\u00e1rodn\u00e9ho vzdel\u00e1vacieho port\u00e1lu pre lek\u00e1rov zaoberaj\u00facich sa lie\u010dbou bolesti.<\/p>\n\n\n\n<p>V r\u00e1mci svojej pedagogickej \u010dinnosti vyu\u010duje algeziol\u00f3giu a ultrazvukov\u00fa anat\u00f3miu na Lek\u00e1rskej fakulte UPJ\u0160 v Ko\u0161iciach, interven\u010dn\u00e9 algeziologick\u00e9 techniky na Gulf Medical University v Spojen\u00fdch arabsk\u00fdch emir\u00e1toch a je medzin\u00e1rodn\u00fdm \u0161kolite\u013eom nemeckej spolo\u010dnosti MaxMore pre \u0161kolenia v endoskopick\u00fdch technik\u00e1ch vr\u00e1tane nov\u00e9ho konceptu MaxMore J@ablation na lie\u010dbu bolesti facetov\u00e9ho syndr\u00f3mu.<\/p>\n\n\n\n<p><strong>VZDELANIE A KARI\u00c9RA<\/strong><\/p>\n\n\n\n<p>Profesion\u00e1lna kari\u00e9ra Dr. R\u00f3berta Rap\u010dana je neoddelite\u013ene spojen\u00e1 s jeho dlhoro\u010dn\u00fdm p\u00f4soben\u00edm vo v\u00fdznamn\u00fdch eur\u00f3pskych zdravotn\u00edckych in\u0161tit\u00faci\u00e1ch, kde zast\u00e1val viacer\u00e9 ved\u00face funkcie. Svojimi odborn\u00fdmi znalos\u0165ami v\u00fdrazne prispel k rozvoju odboru algeziol\u00f3gie a interven\u010dnej lie\u010dby bolesti. Okrem svojej funkcie v EuroPainClinics\u00ae p\u00f4sob\u00ed MUDr. Rap\u010dan u\u017e viac ako 16 rokov vo \u0160v\u00e9dsku, predov\u0161etk\u00fdm v Univerzitnej nemocnici v Ume\u00e5. V rokoch 2005 a\u017e 2010 zast\u00e1val poz\u00edciu ved\u00faceho lek\u00e1ra v odbore anest\u00e9ziol\u00f3gia a interven\u010dn\u00e1 lie\u010dba bolesti v \u0161pecializovan\u00fdch nemocniciach Spojen\u00e9ho kr\u00e1\u013eovstva v Spojenom kr\u00e1\u013eovstve. Okrem toho v rokoch 2008 a\u017e 2010 p\u00f4sobil ako lek\u00e1rsky riadite\u013e nemocnice Shepton Mallet Treatment Centre Hospital. Podie\u013eal sa na zav\u00e1dzan\u00ed inovat\u00edvnych integrovan\u00fdch syst\u00e9mov zdravotnej starostlivosti.<\/p>\n\n\n\n<p><strong>\u010cLENSTVO V ODBORN\u00ddCH SPOLO\u010cNOSTIACH<\/strong><\/p>\n\n\n\n<p>Doktor R\u00f3bert Rap\u010dan je zakladaj\u00facim \u010dlenom a prezidentom Slovenskej spolo\u010dnosti pre interven\u010dn\u00fa lie\u010dbu bolesti. Je predsedom sekcie interven\u010dnej algeziol\u00f3gie na Slovensku. Je \u010dlenom mnoh\u00fdch n\u00e1rodn\u00fdch a medzin\u00e1rodn\u00fdch odborn\u00fdch spolo\u010dnost\u00ed vr\u00e1tane Spine Intervention Society, World Institute of Pain, International Neuromodulation Society, European Society of Regional Anaesthesia, Slovenskej spolo\u010dnosti pre \u0161t\u00fadium a lie\u010dbu bolesti a Po\u013eskej spolo\u010dnosti pre interven\u010dn\u00fa lie\u010dbu bolesti.<\/p>\n\n\n\n<p><strong>V\u00ddSKUM, PUBLIK\u00c1CIE A ODBORN\u00c9 AKTIVITY<\/strong><\/p>\n\n\n\n<p>Dr. Rap\u010dan publikoval zna\u010dn\u00fd po\u010det vedeck\u00fdch \u010dl\u00e1nkov, \u010di u\u017e ako jedin\u00fd autor, alebo v spolupr\u00e1ci s in\u00fdmi v\u00fdskumn\u00edkmi, v dom\u00e1cich aj zahrani\u010dn\u00fdch vedeck\u00fdch \u010dasopisoch. Ako organiz\u00e1tor, spoluorganiz\u00e1tor a akt\u00edvny predn\u00e1\u0161ate\u013e sa z\u00fa\u010dast\u0148uje na dom\u00e1cich a medzin\u00e1rodn\u00fdch kongresoch a symp\u00f3zi\u00e1ch. P\u00f4sob\u00ed ako recenzent odborn\u00e9ho \u010dasopisu Pain Ukraine.&nbsp;<br>Autor sa venuje publikovaniu \u010dl\u00e1nkov.<\/p>\n\n\n\n<p><strong>Z\u00c1UJMY<\/strong><\/p>\n\n\n\n<p>Vo vo\u013enom \u010dase sa Dr. Rap\u010dan venuje aktivit\u00e1m, ktor\u00e9 ho zauj\u00edmaj\u00fa, vr\u00e1tane tr\u00e1venia \u010dasu s rodinou a \u0161portovania, pri\u010dom sa zameriava najm\u00e4 na cyklistiku, pl\u00e1vanie, beh a triatlon. Okrem toho sa venuje cvi\u010deniu bojov\u00fdch umen\u00ed.<\/p>\n\n\n\n<h3 class=\"wp-block-heading\">Michal Matias MD, FIPP<\/h3>\n\n\n\n<p><strong>Podpredseda WIP-CS<\/strong><\/p>\n\n\n\n<p>Michal Matias, M.D., FIPP, je atestovan\u00fd algeziol\u00f3g, anest\u00e9ziol\u00f3g a lek\u00e1r intenz\u00edvnej starostlivosti, dr\u017eite\u013e medzin\u00e1rodnej lek\u00e1rskej certifik\u00e1cie FIPP (Fellow of Interventional Pain Practice). Od janu\u00e1ra 2024 bude medic\u00ednskym riadite\u013eom EuroPainClinics pre \u010cesk\u00fa republiku.<\/p>\n\n\n\n<p>Michal Matias, M.D., FIPP, je ved\u00facim Kliniky minim\u00e1lne invaz\u00edvnej lie\u010dby chrbta v EuroPainClinics Hradec Kr\u00e1lov\u00e9 a odborn\u00fdm garantom EuroPainClinics Plze\u0148. Od roku 2017 p\u00f4sob\u00ed ako lek\u00e1r a chirurg v EuroPainClinics Praha a Brno, kde v rokoch 2019-2020 zast\u00e1val funkciu ved\u00faceho lek\u00e1ra.<\/p>\n\n\n\n<p>MUDr. Matias je dr\u017eite\u013eom prest\u00ed\u017eneho medzin\u00e1rodn\u00e9ho lek\u00e1rskeho certifik\u00e1tu FIPP (Fellow of Interventional Pain Practice), ktor\u00fd je potvrden\u00edm vysokej odbornej sp\u00f4sobilosti v oblasti presn\u00e9ho a bezpe\u010dn\u00e9ho zvl\u00e1dania interven\u010dn\u00fdch techn\u00edk a opr\u00e1v\u0148uje (spolu s n\u00e1rodnou licenciou) vykon\u00e1va\u0165 tieto \u0161pecializovan\u00e9 techniky na celom svete. Tento certifik\u00e1t ude\u013euje Svetov\u00fd in\u0161tit\u00fat pre boles\u0165. Je tie\u017e dr\u017eite\u013eom certifik\u00e1tu v oblasti ultrazvukom riadenej region\u00e1lnej anest\u00e9zie a poskytovate\u013eom ALS a certifik\u00e1tu EACTA\/ESC v oblasti TEE pre dospel\u00fdch.<\/p>\n\n\n\n<p>Je tie\u017e lek\u00e1rom a z\u00e1stupcom ved\u00faceho Centra pre lie\u010dbu bolesti na Klinike anest\u00e9zie, resuscit\u00e1cie a intenz\u00edvnej medic\u00edny 1. lek\u00e1rskej fakulty Univerzity Karlovej v Prahe. V rokoch 2015 a\u017e 2019 bol ved\u00facim lek\u00e1rom SPIN na Klinike anest\u00e9ziol\u00f3gie, resuscit\u00e1cie a intenz\u00edvnej medic\u00edny 1. LF UK a VFN Praha.<\/p>\n\n\n\n<p><strong>Juraj Mlaka MD, FIPF, EDRA<\/strong><\/p>\n\n\n\n<p><strong>Tajomn\u00edk WIP-CS<\/strong><\/p>\n\n\n\n<p>Juraj Ml\u00e1ka, M.D., FIPP, EDRA, je tret\u00edm slovensk\u00fdm lek\u00e1rom - dr\u017eite\u013eom prest\u00ed\u017eneho medzin\u00e1rodn\u00e9ho certifik\u00e1tu FIPP (Fellow of Interventional Pain Practice), ktor\u00fd ude\u013euje World Institute of Pain (WIP) pre oblas\u0165 interven\u010dnej lie\u010dby bolesti. Certifik\u00e1t je potvrden\u00edm odbornej sp\u00f4sobilosti lek\u00e1ra v oblasti vykon\u00e1vania minim\u00e1lne invaz\u00edvnych a endoskopick\u00fdch techn\u00edk pri lie\u010dbe chrbta a opr\u00e1v\u0148uje ho vykon\u00e1va\u0165 v\u00fdkony na celom svete.<\/p>\n\n\n\n<p>V roku 2019 z\u00edskal prest\u00ed\u017eny Eur\u00f3psky diplom v region\u00e1lnej anest\u00e9zii a ak\u00fatnej bolesti (EDRA), ktor\u00fd ude\u013euje Eur\u00f3pska spolo\u010dnos\u0165 pre region\u00e1lnu anest\u00e9ziu a lie\u010dbu bolesti, a v s\u00fa\u010dasnosti je jedn\u00fdm zo \u0161tyroch slovensk\u00fdch lek\u00e1rov s t\u00fdmto certifik\u00e1tom. Je odborn\u00edkom na interven\u010dn\u00fa lie\u010dbu bolesti vykon\u00e1van\u00fa pod r\u00f6ntgenovou a ultrazvukovou kontrolou.<\/p>\n\n\n\n<p><strong>Martin Griger MD, FIPP, DESA, PhD.<\/strong><\/p>\n\n\n\n<p><strong>Pokladn\u00edk WIP-CS<\/strong><\/p>\n\n\n\n<p>Martin Griger, M.D., PhD., FIPP, je certifikovan\u00fd anest\u00e9ziol\u00f3g, intenzivista a \u0161pecialista na lie\u010dbu bolesti pod r\u00f6ntgenovou a ultrazvukovou kontrolou. Po\u010das svojej nieko\u013ekoro\u010dnej klinickej praxe v \u00cdrsku z\u00edskal rozsiahle sk\u00fasenosti s interven\u010dnou lie\u010dbou bolesti. Od roku 2015 je ved\u00facim lek\u00e1rom \u0161pecializovanej kliniky bolesti EuroPainClinics v Bratislave.<\/p>\n\n\n\n<p>\u00a0Dr. Griger je druh\u00fdm slovensk\u00fdm lek\u00e1rom - dr\u017eite\u013eom prest\u00ed\u017eneho medzin\u00e1rodn\u00e9ho certifik\u00e1tu FIPP (Fellow of Interventional Pain Practice), ktor\u00fd ude\u013euje World Institute of Pain (WIP) pre oblas\u0165 interven\u010dnej lie\u010dby bolesti. Certifik\u00e1t je potvrden\u00edm odbornej sp\u00f4sobilosti lek\u00e1ra v oblasti vykon\u00e1vania minim\u00e1lne invaz\u00edvnych a endoskopick\u00fdch techn\u00edk pri lie\u010dbe chrbtice a opr\u00e1v\u0148uje ho vykon\u00e1va\u0165 v\u00fdkony na celom svete.<\/p>\n\n\n\n<p><strong>Michal Adam MD, FIPP<\/strong><\/p>\n\n\n\n<p>\u010clen WIP-CS<\/p>\n\n\n\n<p>Doktor Michal Adam je \u0161pecialista na minim\u00e1lne invaz\u00edvnu a endoskopick\u00fa lie\u010dbu chrbtice.<\/p>\n\n\n\n<p>Doktor Adam je certifikovan\u00fd \u0161pecialista na lie\u010dbu bolesti, anest\u00e9ziol\u00f3g a intenzivista. Je dr\u017eite\u013eom certifik\u00e1tu lektora v oblasti ultrazvukom riadenej region\u00e1lnej anest\u00e9zie.<\/p>\n\n\n\n<p>\u0160t\u00fadium medic\u00edny ukon\u010dil na Univerzite Pavla Jozefa \u0160af\u00e1rika v Ko\u0161iciach. V roku 2005 nast\u00fapil ako anest\u00e9ziol\u00f3g do Fakultnej nemocnice u sv\u00e4tej Anny v Brne, kde po \u00faspe\u0161nom z\u00edskan\u00ed \u0161pecializ\u00e1cie pracoval ako ved\u00faci lek\u00e1r na ortopedickej klinike na poz\u00edcii anest\u00e9ziol\u00f3ga. Od roku 2017 po absolvovan\u00ed \u0161pecializ\u00e1cie v odbore lie\u010dba bolesti pracuje v Centre pre lie\u010dbu chronickej bolesti.&nbsp;<\/p>\n\n\n\n<p>Doktor Michal Adam je lek\u00e1rom na \u0161pecializovanom pracovisku EuroPainClinics Brno od septembra 2020. Je odborn\u00fdm \u010dlenom spolo\u010dnost\u00ed pre \u0161t\u00fadium a lie\u010dbu bolesti \u010cLK JEP a tie\u017e \u010ceskej spolo\u010dnosti anest\u00e9ziol\u00f3gie, resuscit\u00e1cie a intenz\u00edvnej medic\u00edny (\u010cSARIM).<\/p>\n\n\n\n<p><strong>Lubomir Poliak MD, FIPP<\/strong><\/p>\n\n\n\n<p><strong>\u010clen WIP-CS<\/strong><\/p>\n\n\n\n<p>\u0160pecialista na minim\u00e1lne invaz\u00edvnu a endoskopick\u00fa lie\u010dbu chrbtice.<\/p>\n\n\n\n<p>&nbsp;&nbsp;&nbsp;&nbsp;&nbsp;&nbsp;&nbsp;&nbsp;&nbsp;&nbsp;&nbsp; Doktor \u013dubom\u00edr Poliak, FIPP je certifikovan\u00fd \u0161pecialista na lie\u010dbu bolesti, anest\u00e9ziol\u00f3g a intenzivista, \u0161pecialista na minim\u00e1lne invaz\u00edvnu a endoskopick\u00fa lie\u010dbu bolesti. \u013dubom\u00edr Poliak MD. je dr\u017eite\u013eom prest\u00ed\u017eneho medzin\u00e1rodn\u00e9ho lek\u00e1rskeho certifik\u00e1tu FIPP (Fellow of Interventional Pain Practice), ktor\u00fd je potvrden\u00edm vysokej odbornej sp\u00f4sobilosti v prec\u00edznom a bezpe\u010dnom zvl\u00e1dan\u00ed interven\u010dn\u00fdch techn\u00edk, je opr\u00e1vnen\u00fd (spolu s n\u00e1rodnou licenciou) vykon\u00e1va\u0165 tieto \u0161pecializovan\u00e9 techniky na celom svete. Certifik\u00e1t ude\u013euje Svetov\u00fd in\u0161tit\u00fat pre boles\u0165.<\/p>\n\n\n\n<p>&nbsp;&nbsp;&nbsp;&nbsp;&nbsp;&nbsp;&nbsp;&nbsp;&nbsp;&nbsp;&nbsp; He specializes in regenerative treatment with autologous plasma under X-ray navigation, denervation techniques \u2013 cryoanalgesia, and is currently the only doctor in Slovakia performing percutaneous balloon decompression of the trigeminal ganglion to alleviate neuralgic facial pain. He is engaged in active publication activities and is a speaker on domestic and foreign professional grounds.<\/p>\n\n\n\n<p><strong>Peter Lences MD,FIPP<\/strong><\/p>\n\n\n\n<p><strong>\u010clen WIP-CS<\/strong><\/p>\n\n\n\n<p>Doktor Peter Len\u010d\u00e9\u0161 je \u0161pecialista na minim\u00e1lne invaz\u00edvnu a endoskopick\u00fa lie\u010dbu chrbta. Je certifikovan\u00fdm anest\u00e9ziol\u00f3gom a intenzivistom a \u0161pecialistom na interven\u010dn\u00fa lie\u010dbu bolesti. M\u00e1 atest\u00e1ciu z anest\u00e9ziol\u00f3gie a intenz\u00edvnej medic\u00edny, urgentnej medic\u00edny, infek\u010dn\u00fdch chor\u00f4b a v\u0161eobecn\u00e9ho lek\u00e1rstva. Okrem dlhodob\u00e9ho p\u00f4sobenia na Slovensku bol lek\u00e1rom v EuroPainClinics Brno v \u010ceskej republike.<\/p>\n\n\n\n<p>MUDr. Peter Len\u010d\u00e9\u0161 je \u010dlenom Slovenskej spolo\u010dnosti anest\u00e9ziol\u00f3gie, resuscit\u00e1cie a intenz\u00edvnej medic\u00edny (SSAIM), Slovenskej spolo\u010dnosti pre \u0161t\u00fadium a lie\u010dbu bolesti (SSSLB)<\/p>\n\n\n\n<p>Slovensk\u00e1 spolo\u010dnos\u0165 pre interven\u010dn\u00fa lie\u010dbu bolesti (SIA), Slovensk\u00e1 lek\u00e1rska komora,<\/p>\n\n\n\n<p>Klinick\u00e1 prax a medzin\u00e1rodn\u00e1 spolupr\u00e1ca a tie\u017e \u010dlen prest\u00ed\u017enej Champique de Champagne, Troyes, Franc\u00fazsko. V minulosti pracoval vo vojenskej po\u013enej nemocnici v K\u00e1bule v Afganistane.<\/p>\n\n\n\n<p><strong>Ladislav Kocan MD, FIPP, PhD.<\/strong><\/p>\n\n\n\n<p><strong>\u010clen WIP-CS<\/strong><\/p>\n\n\n\n<p>Ladislav Ko\u010dan, M.D., PhD., pracuje ako mana\u017e\u00e9r klinick\u00e9ho v\u00fdskumu v EuroPainClinics . Je certifikovan\u00fdm anest\u00e9ziol\u00f3gom a intenzivistom. Je autorom a spoluautorom viacer\u00fdch zahrani\u010dn\u00fdch recenzovan\u00fdch publik\u00e1ci\u00ed a koordin\u00e1torom viacer\u00fdch medic\u00ednskych \u0161t\u00fadi\u00ed v oblasti interven\u010dnej algeziol\u00f3gie a intenz\u00edvnej medic\u00edny. Je tie\u017e \u010dlenom redak\u010dnej rady \u010dasopisu American Journal of Food and Nutrition.<\/p>\n\n\n\n<p>Doktor Ladislav Ko\u010dan je mana\u017e\u00e9rom klinick\u00e9ho v\u00fdskumu a klinick\u00fdch \u0161t\u00fadi\u00ed v EuroPainClinics. Z\u00e1rove\u0148 p\u00f4sob\u00ed ako lek\u00e1r - \u0161pecialista v oblasti minim\u00e1lne invaz\u00edvnej a endoskopickej lie\u010dby, ktor\u00fa vykon\u00e1va na \u0161pecializovanom pracovisku EuroPainClinics Ko\u0161ice.<\/p>\n\n\n\n<p><strong>Robert Tirpak MD, FIPP<\/strong><\/p>\n\n\n\n<p><strong>\u010clen WIP-CS<\/strong><\/p>\n\n\n\n<p>Dr. Robert Tirp\u00e1k je prv\u00fdm lek\u00e1rom v \u010ceskej republike, ktor\u00fd je dr\u017eite\u013eom prest\u00ed\u017enej medzin\u00e1rodnej lek\u00e1rskej certifik\u00e1cie FIPP (Fellow of Interventional Pain Practice). Tento certifik\u00e1t ude\u013euje Svetov\u00fd in\u0161tit\u00fat bolesti (WIP) pre lie\u010dbu bolesti a je potvrden\u00edm odbornej sp\u00f4sobilosti v presnom a bezpe\u010dnom zvl\u00e1dan\u00ed minim\u00e1lne invaz\u00edvnych a endoskopick\u00fdch techn\u00edk, ktor\u00e9 opr\u00e1v\u0148uj\u00fa (spolu s n\u00e1rodnou licenciou) vykon\u00e1va\u0165 tieto \u0161pecializovan\u00e9 techniky na celom svete.<\/p>\n\n\n\n<p>&nbsp;&nbsp;&nbsp;&nbsp;&nbsp;&nbsp;&nbsp;&nbsp;&nbsp;&nbsp;&nbsp; Od roku 2014 je ved\u00facim lek\u00e1rom EuroPainClinics - Minim\u00e1lne invaz\u00edvna a endoskopick\u00e1 lie\u010dba chrbta v Prahe. Z\u00edskal \u0161pecializ\u00e1ciu v odbore anest\u00e9ziol\u00f3gia a intenz\u00edvna medic\u00edna, je certifikovan\u00fdm \u0161pecialistom pre lie\u010dbu bolesti a dr\u017eite\u013eom certifik\u00e1tu v odbore manu\u00e1lna a myoskelet\u00e1lna medic\u00edna. Intenz\u00edvne sa podie\u013ea na publikovan\u00ed v odborn\u00fdch \u010dasopisoch a akt\u00edvne sa venuje predn\u00e1\u0161kovej a inej vzdel\u00e1vacej \u010dinnosti.<\/p>\n\n\n\n<p>&nbsp;&nbsp;&nbsp;&nbsp;&nbsp;&nbsp;&nbsp;&nbsp;&nbsp;&nbsp;&nbsp; Po\u010das svojej dlhoro\u010dnej klinickej praxe z\u00edskal bohat\u00e9 sk\u00fasenosti na viacer\u00fdch prest\u00ed\u017enych klinick\u00fdch pracovisk\u00e1ch v Spojenom kr\u00e1\u013eovstve.<\/p>\n\n\n\n<p><strong>Jan Farkas MD, FIPP<\/strong><\/p>\n\n\n\n<p><strong>\u010clen WIP-CS<\/strong><\/p>\n\n\n\n<p>Jan Farka\u0161, MD, FIPP, je certifikovan\u00fd algeziol\u00f3g, anest\u00e9ziol\u00f3g a intenzivista, ako aj dr\u017eite\u013e medzin\u00e1rodnej lek\u00e1rskej certifik\u00e1cie FIPP (Fellow of Interventional Pain Practice).<\/p>\n\n\n\n<p>Doktor Jan Farka\u0161, FIPP, je ved\u00facim lek\u00e1rom Kliniky minim\u00e1lne invaz\u00edvnej lie\u010dby chrbta v EuroPainClinics Ostrava. Po ukon\u010den\u00ed \u0161t\u00fadia na Lek\u00e1rskej fakulte Univerzity Karlovej v Plzni v roku 2005 nast\u00fapil na miesto na Anest\u00e9ziologicko-resuscita\u010dnej klinike Fakultnej nemocnice Plze\u0148. Od roku 2009 \u010falej rozv\u00edjal svoju klinick\u00fa prax v Nemocnici Nov\u00fd Ji\u010d\u00edn, kde pracoval ako algeziol\u00f3g a anest\u00e9ziol\u00f3g na oddelen\u00ed ARO a v ambulancii lie\u010dby bolesti. Od roku 2017 vedie samostatn\u00fa ambulanciu lie\u010dby bolesti v T\u0159inci. Okrem tejto funkcie p\u00f4sob\u00ed aj ako lek\u00e1r Zdravotnej z\u00e1chrannej slu\u017eby Moravskosliezskeho kraja.<\/p>\n\n\n\n<p>Je dr\u017eite\u013eom prest\u00ed\u017eneho medzin\u00e1rodn\u00e9ho lek\u00e1rskeho certifik\u00e1tu FIPP (Fellow of Interventional Pain Practice), ktor\u00fd potvrdzuje jeho vysok\u00fa odborn\u00fa sp\u00f4sobilos\u0165 v oblasti presn\u00e9ho a bezpe\u010dn\u00e9ho zvl\u00e1dania interven\u010dn\u00fdch techn\u00edk. Tento certifik\u00e1t ho v kombin\u00e1cii s n\u00e1rodnou licenciou opr\u00e1v\u0148uje vykon\u00e1va\u0165 tieto \u0161pecializovan\u00e9 techniky na celom svete. Certifik\u00e1t ude\u013euje Svetov\u00fd in\u0161tit\u00fat pre boles\u0165. Okrem toho z\u00edskal certifik\u00e1t v kurze Advanced Life Support (ALS), ktor\u00fd zah\u0155\u0148a \u0161pecializovan\u00fd v\u00fdcvik v lek\u00e1rskych postupoch ur\u010den\u00fdch na \u00fa\u010dinn\u00fa lie\u010dbu n\u00e1hlej z\u00e1stavy krvn\u00e9ho obehu a kritick\u00fdch stavov.<\/p>\n\n\n\n<div class=\"wp-block-buttons is-layout-flex wp-block-buttons-is-layout-flex\">\n<div class=\"wp-block-button\"><a class=\"wp-block-button__link wp-element-button\" href=\"https:\/\/www.wip-cs.com\/sk\/membership\/\">Stante sa \u010dlenom<\/a><\/div>\n<\/div>","protected":false},"excerpt":{"rendered":"<p>The World Institute of Pain Czech-Slovak Section (WIP-CS) is the leading regional organisation supporting the study and practice of pain and pain relief. WIP-CS brings together physicians, healthcare providers, researchers and healthcare practice developers who strive to fulfil its mission to bring relief to those who suffer from pain. WIP CS &#8211; Board The ChairmanRobert &#8230; <a title=\"\u010cesko-slovensk\u00e1 sekcia Svetov\u00e9ho in\u0161tit\u00fatu bolesti (WIP-CS)\" class=\"read-more\" href=\"https:\/\/www.wip-cs.com\/sk\/about-wip\/czech-and-slovak-wip-section\/\" aria-label=\"Pre\u010d\u00edtajte si viac o Czech and Slovak WIP section\">\u010c\u00edta\u0165 viac<\/a><\/p>","protected":false},"author":1,"featured_media":318,"parent":19,"menu_order":0,"comment_status":"closed","ping_status":"closed","template":"page.php","meta":{"footnotes":""},"class_list":["post-75","page","type-page","status-publish","has-post-thumbnail"],"_links":{"self":[{"href":"https:\/\/www.wip-cs.com\/sk\/wp-json\/wp\/v2\/pages\/75","targetHints":{"allow":["GET"]}}],"collection":[{"href":"https:\/\/www.wip-cs.com\/sk\/wp-json\/wp\/v2\/pages"}],"about":[{"href":"https:\/\/www.wip-cs.com\/sk\/wp-json\/wp\/v2\/types\/page"}],"author":[{"embeddable":true,"href":"https:\/\/www.wip-cs.com\/sk\/wp-json\/wp\/v2\/users\/1"}],"replies":[{"embeddable":true,"href":"https:\/\/www.wip-cs.com\/sk\/wp-json\/wp\/v2\/comments?post=75"}],"version-history":[{"count":12,"href":"https:\/\/www.wip-cs.com\/sk\/wp-json\/wp\/v2\/pages\/75\/revisions"}],"predecessor-version":[{"id":465,"href":"https:\/\/www.wip-cs.com\/sk\/wp-json\/wp\/v2\/pages\/75\/revisions\/465"}],"up":[{"embeddable":true,"href":"https:\/\/www.wip-cs.com\/sk\/wp-json\/wp\/v2\/pages\/19"}],"wp:featuredmedia":[{"embeddable":true,"href":"https:\/\/www.wip-cs.com\/sk\/wp-json\/wp\/v2\/media\/318"}],"wp:attachment":[{"href":"https:\/\/www.wip-cs.com\/sk\/wp-json\/wp\/v2\/media?parent=75"}],"curies":[{"name":"wp","href":"https:\/\/api.w.org\/{rel}","templated":true}]}}