{"id":81,"date":"2025-03-19T08:20:02","date_gmt":"2025-03-19T08:20:02","guid":{"rendered":"https:\/\/www.wip-cs.com\/topics\/"},"modified":"2025-03-25T10:47:02","modified_gmt":"2025-03-25T10:47:02","slug":"forum","status":"publish","type":"page","link":"https:\/\/www.wip-cs.com\/sk\/forum\/","title":{"rendered":"F\u00f3rum"},"content":{"rendered":"<h2 class=\"wp-block-heading\"><strong>Pripojte sa k n\u00e1\u0161mu odborn\u00e9mu diskusn\u00e9mu f\u00f3ru o lie\u010dbe bolesti!<\/strong><\/h2>\n\n\n\n<p>Poz\u00fdvame odborn\u00edkov v oblasti lie\u010dby bolesti, aby sa z\u00fa\u010dastnili na na\u0161om exkluz\u00edvnom diskusnom f\u00f3re. Je to jedine\u010dn\u00e1 pr\u00edle\u017eitos\u0165 podeli\u0165 sa o poznatky, vymeni\u0165 si n\u00e1zory a spolupracova\u0165 na lie\u010debn\u00fdch postupoch s kolegami odborn\u00edkmi.&nbsp;<\/p>\n\n\n\n<p>Zap\u00e1jajte sa do zmyslupln\u00fdch rozhovorov, sk\u00famajte inovat\u00edvne pr\u00edstupy a prispievajte k zlep\u0161ovaniu \u0161tandardov lie\u010dby bolesti.\u00a0<br><br><strong>Na pr\u00edstup do f\u00f3ra je potrebn\u00e9 prihl\u00e1senie<\/strong><\/p>\n\n\n\n<p>Ak chcete vst\u00fapi\u0165 do f\u00f3ra a zapoji\u0165 sa do diskusi\u00ed, prihl\u00e1ste sa. Tento priestor je vyhraden\u00fd pre odborn\u00edkov v oblasti lie\u010dby bolesti, kde sa m\u00f4\u017eete podeli\u0165 o svoje postrehy, spolupracova\u0165 s kolegami a presadzova\u0165 \u0161tandardy lie\u010dby.<\/p>\n\n\n\n<p>Va\u0161e odborn\u00e9 znalosti s\u00fa neocenite\u013en\u00e9 a spolo\u010dne m\u00f4\u017eeme zlep\u0161i\u0165 starostlivos\u0165 o pacientov a jej v\u00fdsledky. Te\u0161\u00edme sa na va\u0161u \u00fa\u010das\u0165!<\/p>\n\n\n\n<p><br><article class=\"forum\"><div class=\"d-flex\"><div class=\"forum-date\"><p>20 <br><span>mar '25<\/span><\/p><\/div><div class=\"forum-content\"><a href=\"https:\/\/www.wip-cs.com\/sk\/discussion-topics\/back-pain-treatment-options\/\"><h2>Mo\u017enosti lie\u010dby bolesti chrbta<\/h2><\/a><p class=\"mb-0\">Chcem sa op\u00fdta\u0165, ako by ste rie\u0161ili spin\u00e1lnu sten\u00f3zu u pacienta po endoskopickej diskekt\u00f3mii....<\/p><\/div><div class=\"forum-count\"><p>9 <br><span>odpoved\u00ed<\/span><\/p><\/div><\/div><\/article><article class=\"forum\"><div class=\"d-flex\"><div class=\"forum-date\"><p>19 <br><span>mar '25<\/span><\/p><\/div><div class=\"forum-content\"><a href=\"https:\/\/www.wip-cs.com\/sk\/discussion-topics\/endoskopicka-operacia\/\"><h2>Mo\u017enosti lie\u010dby bolesti chrbta<\/h2><\/a><p class=\"mb-0\">Chcem sa op\u00fdta\u0165, ako by ste rie\u0161ili spin\u00e1lnu sten\u00f3zu u pacienta po endoskopickej diskekt\u00f3mii....<\/p><\/div><div class=\"forum-count\"><p>5 <br><span>odpoved\u00ed<\/span><\/p><\/div><\/div><\/article><br><\/p>","protected":false},"excerpt":{"rendered":"<p>Join Our Expert Discussion Forum on Pain Treatment! We invite specialists in the field of pain treatment to participate in our exclusive discussion forum. This is a unique opportunity to share insights, exchange thoughts, and collaborate on treatment procedures with fellow experts.&nbsp; Please engage in meaningful conversations, explore innovative approaches, and contribute to advancing the &#8230; <a title=\"Mo\u017enosti lie\u010dby bolesti chrbta\" class=\"read-more\" href=\"https:\/\/www.wip-cs.com\/sk\/discussion-topics\/endoskopicka-operacia\/\" aria-label=\"Pre\u010d\u00edtajte si viac o Back pain treatment options\">\u010c\u00edta\u0165 viac<\/a><\/p>","protected":false},"author":1,"featured_media":0,"parent":0,"menu_order":0,"comment_status":"closed","ping_status":"closed","template":"page-forum.php","meta":{"footnotes":""},"class_list":["post-81","page","type-page","status-publish","hentry"],"_links":{"self":[{"href":"https:\/\/www.wip-cs.com\/sk\/wp-json\/wp\/v2\/pages\/81","targetHints":{"allow":["GET"]}}],"collection":[{"href":"https:\/\/www.wip-cs.com\/sk\/wp-json\/wp\/v2\/pages"}],"about":[{"href":"https:\/\/www.wip-cs.com\/sk\/wp-json\/wp\/v2\/types\/page"}],"author":[{"embeddable":true,"href":"https:\/\/www.wip-cs.com\/sk\/wp-json\/wp\/v2\/users\/1"}],"replies":[{"embeddable":true,"href":"https:\/\/www.wip-cs.com\/sk\/wp-json\/wp\/v2\/comments?post=81"}],"version-history":[{"count":19,"href":"https:\/\/www.wip-cs.com\/sk\/wp-json\/wp\/v2\/pages\/81\/revisions"}],"predecessor-version":[{"id":195,"href":"https:\/\/www.wip-cs.com\/sk\/wp-json\/wp\/v2\/pages\/81\/revisions\/195"}],"wp:attachment":[{"href":"https:\/\/www.wip-cs.com\/sk\/wp-json\/wp\/v2\/media?parent=81"}],"curies":[{"name":"wp","href":"https:\/\/api.w.org\/{rel}","templated":true}]}}