{"id":83,"date":"2025-03-19T08:20:02","date_gmt":"2025-03-19T08:20:02","guid":{"rendered":"https:\/\/www.wip-cs.com\/topics\/log-in\/"},"modified":"2025-03-26T13:29:55","modified_gmt":"2025-03-26T13:29:55","slug":"log-in","status":"publish","type":"page","link":"https:\/\/www.wip-cs.com\/sk\/forum\/log-in\/","title":{"rendered":"Prihl\u00e1si\u0165 sa"},"content":{"rendered":"<h2 class=\"wp-block-heading\"><strong>Na pr\u00edstup je potrebn\u00e9 prihl\u00e1senie<\/strong><\/h2>\n\n\n\n<p>Ak chcete vst\u00fapi\u0165 do f\u00f3ra a zapoji\u0165 sa do diskusi\u00ed, <strong>prihl\u00e1ste sa pros\u00edm<\/strong>. Tento priestor je vyhraden\u00fd pre odborn\u00edkov v oblasti lie\u010dby bolesti, kde si m\u00f4\u017eete vymie\u0148a\u0165 poznatky, spolupracova\u0165 s kolegami a zlep\u0161ova\u0165 \u0161tandardy lie\u010dby.<\/p>\n\n\n\n<p>Va\u0161e odborn\u00e9 znalosti s\u00fa pre komunitu neocenite\u013en\u00e9 a my sa te\u0161\u00edme na va\u0161e pr\u00edspevky!<\/p>\n\n\n<p>    <div class=\"custom-login-form\">\n        <form method=\"post\" action=\"https:\/\/www.wip-cs.com\/wp-login.php\">\n            <div class=\"d-flex mb-40\">\n                <div class=\"reg-col\">\n                    <label for=\"user_login\">Username:<\/label>\n                    <input type=\"text\" name=\"log\" id=\"user_login\" required>\n                <\/div>\n                <div class=\"reg-col\">\n                    <label for=\"user_pass\">Password:<\/label>\n                    <input type=\"password\" name=\"pwd\" id=\"user_pass\" required>\n                <\/div>\n            <\/div>\n            <div class=\"d-flex\">\n                <button class=\"btn btn-primary mr-20\" type=\"submit\">Log in<\/button>\n                <a class=\"btn btn-secondary\" href=\"https:\/\/www.wip-cs.com\/wp-login.php?action=lostpassword\">Forgotten password<\/a>\n            <\/div>\n        <\/form>\n    <\/div>\n     <\/p>\n\n\n<p><\/p>\n\n\n\n<p><\/p>","protected":false},"excerpt":{"rendered":"<p>Login Required for Access To enter the forum and participate in the discussions, please log in. This space is reserved for specialists in the field of pain treatment, where you can share insights, collaborate with peers, and advance treatment standards. Your expertise is invaluable to the community, and we look forward to your contributions!<\/p>","protected":false},"author":1,"featured_media":302,"parent":81,"menu_order":0,"comment_status":"closed","ping_status":"closed","template":"","meta":{"footnotes":""},"class_list":["post-83","page","type-page","status-publish","has-post-thumbnail"],"_links":{"self":[{"href":"https:\/\/www.wip-cs.com\/sk\/wp-json\/wp\/v2\/pages\/83","targetHints":{"allow":["GET"]}}],"collection":[{"href":"https:\/\/www.wip-cs.com\/sk\/wp-json\/wp\/v2\/pages"}],"about":[{"href":"https:\/\/www.wip-cs.com\/sk\/wp-json\/wp\/v2\/types\/page"}],"author":[{"embeddable":true,"href":"https:\/\/www.wip-cs.com\/sk\/wp-json\/wp\/v2\/users\/1"}],"replies":[{"embeddable":true,"href":"https:\/\/www.wip-cs.com\/sk\/wp-json\/wp\/v2\/comments?post=83"}],"version-history":[{"count":4,"href":"https:\/\/www.wip-cs.com\/sk\/wp-json\/wp\/v2\/pages\/83\/revisions"}],"predecessor-version":[{"id":298,"href":"https:\/\/www.wip-cs.com\/sk\/wp-json\/wp\/v2\/pages\/83\/revisions\/298"}],"up":[{"embeddable":true,"href":"https:\/\/www.wip-cs.com\/sk\/wp-json\/wp\/v2\/pages\/81"}],"wp:featuredmedia":[{"embeddable":true,"href":"https:\/\/www.wip-cs.com\/sk\/wp-json\/wp\/v2\/media\/302"}],"wp:attachment":[{"href":"https:\/\/www.wip-cs.com\/sk\/wp-json\/wp\/v2\/media?parent=83"}],"curies":[{"name":"wp","href":"https:\/\/api.w.org\/{rel}","templated":true}]}}